{"id":71096,"date":"2024-03-22T19:39:36","date_gmt":"2024-03-22T18:39:36","guid":{"rendered":"https:\/\/abinox-chr-clim.com\/index.php\/product\/protege-menu-securit-crystal-a4-double\/"},"modified":"2026-01-12T07:26:02","modified_gmt":"2026-01-12T06:26:02","slug":"protege-menu-securit-crystal-a4-double","status":"publish","type":"product","link":"https:\/\/abinox-chr-clim.com\/index.php\/product\/protege-menu-securit-crystal-a4-double\/","title":{"rendered":"Prot\u00e8ge-menu Securit Crystal A4 double"},"content":{"rendered":"<p>Porte-menus A4, transparents des deux c\u00f4t\u00e9s. Vendus \u00e0 l&rsquo;unit\u00e9.<br \/>Transparent, recto verso. Pr\u00e9sente 2 feuilles A4. Mod\u00e8les simple (CB841) et triple (CB843) \u00e9galement disponibles. Bordure cousue marron fonc\u00e9. Nettoyer avec de l&rsquo;eau. Affiche 4 pages. Vendu \u00e0 l&rsquo;unit\u00e9.Transparent, recto verso.<\/p>\n<p>Caract\u00e9ristiques :<br \/>Lot : 3.<br \/> Dimensions : 322(H) x 237(L) x 15(P) mm \/ A4.<br \/> Mati\u00e8re : Plastique.<br \/> Couleur : Transparent.<\/p>\n","protected":false},"excerpt":{"rendered":"<p>Prot\u00e8ge-menu Securit Crystal A4 double<\/p>\n","protected":false},"featured_media":80505,"comment_status":"closed","ping_status":"closed","template":"","meta":[],"product_brand":[],"product_cat":[1122,1297,1125,1106],"product_tag":[],"class_list":{"0":"post-71096","1":"product","2":"type-product","3":"status-publish","4":"has-post-thumbnail","6":"product_cat-menus-et-signaletique","7":"product_cat-non-palettisable","8":"product_cat-protege-menus","9":"product_cat-restaurant-bar-et-hotel","10":"product_shipping_class-free-shipping","12":"first","13":"outofstock","14":"featured","15":"taxable","16":"shipping-taxable","17":"purchasable","18":"product-type-simple"},"_links":{"self":[{"href":"https:\/\/abinox-chr-clim.com\/index.php\/wp-json\/wp\/v2\/product\/71096","targetHints":{"allow":["GET"]}}],"collection":[{"href":"https:\/\/abinox-chr-clim.com\/index.php\/wp-json\/wp\/v2\/product"}],"about":[{"href":"https:\/\/abinox-chr-clim.com\/index.php\/wp-json\/wp\/v2\/types\/product"}],"replies":[{"embeddable":true,"href":"https:\/\/abinox-chr-clim.com\/index.php\/wp-json\/wp\/v2\/comments?post=71096"}],"wp:featuredmedia":[{"embeddable":true,"href":"https:\/\/abinox-chr-clim.com\/index.php\/wp-json\/wp\/v2\/media\/80505"}],"wp:attachment":[{"href":"https:\/\/abinox-chr-clim.com\/index.php\/wp-json\/wp\/v2\/media?parent=71096"}],"wp:term":[{"taxonomy":"product_brand","embeddable":true,"href":"https:\/\/abinox-chr-clim.com\/index.php\/wp-json\/wp\/v2\/product_brand?post=71096"},{"taxonomy":"product_cat","embeddable":true,"href":"https:\/\/abinox-chr-clim.com\/index.php\/wp-json\/wp\/v2\/product_cat?post=71096"},{"taxonomy":"product_tag","embeddable":true,"href":"https:\/\/abinox-chr-clim.com\/index.php\/wp-json\/wp\/v2\/product_tag?post=71096"}],"curies":[{"name":"wp","href":"https:\/\/api.w.org\/{rel}","templated":true}]}}