{"id":71094,"date":"2024-03-22T19:39:35","date_gmt":"2024-03-22T18:39:35","guid":{"rendered":"https:\/\/abinox-chr-clim.com\/index.php\/product\/carnets-de-commande-autocopiants-sans-carbone-waitrpads-lot-de-10\/"},"modified":"2026-04-15T08:57:47","modified_gmt":"2026-04-15T06:57:47","slug":"carnets-de-commande-autocopiants-sans-carbone-waitrpads-lot-de-10","status":"publish","type":"product","link":"https:\/\/abinox-chr-clim.com\/index.php\/product\/carnets-de-commande-autocopiants-sans-carbone-waitrpads-lot-de-10\/","title":{"rendered":"Carnets de commande autocopiants sans carbone WaitRpads (lot de 10)"},"content":{"rendered":"<p>Carnet pour prendre les commandes de plats et boissons avec sch\u00e9mas de plans de table et de salle pour faciliter le service. 50 bons par carnet. Deux exemplaires et fabriqu\u00e9 \u00e0 partir d&rsquo;une alternative propre au carbone.<br \/>Produit 2 exemplaires de chaque commande. 50 (x2) pages num\u00e9rot\u00e9es. Informations suppl\u00e9mentaires imprim\u00e9es pour un service plus efficace. Produit 2 exemplaires de chaque commande.<\/p>\n<p>Caract\u00e9ristiques :<br \/>Lot : 10.<br \/> Dimensions : 90(l) x 170(L)mm.<br \/> Mati\u00e8re : Papier<\/p>\n","protected":false},"excerpt":{"rendered":"<p>Carnets de commande autocopiants sans carbone WaitRpads (lot de 10)<\/p>\n","protected":false},"featured_media":101225,"comment_status":"closed","ping_status":"closed","template":"","meta":[],"product_brand":[],"product_cat":[1122,1297,1124,1106],"product_tag":[],"class_list":{"0":"post-71094","1":"product","2":"type-product","3":"status-publish","4":"has-post-thumbnail","6":"product_cat-menus-et-signaletique","7":"product_cat-non-palettisable","8":"product_cat-plateaux-a-additions","9":"product_cat-restaurant-bar-et-hotel","10":"product_shipping_class-free-shipping","12":"first","13":"instock","14":"featured","15":"taxable","16":"shipping-taxable","17":"purchasable","18":"product-type-simple"},"_links":{"self":[{"href":"https:\/\/abinox-chr-clim.com\/index.php\/wp-json\/wp\/v2\/product\/71094","targetHints":{"allow":["GET"]}}],"collection":[{"href":"https:\/\/abinox-chr-clim.com\/index.php\/wp-json\/wp\/v2\/product"}],"about":[{"href":"https:\/\/abinox-chr-clim.com\/index.php\/wp-json\/wp\/v2\/types\/product"}],"replies":[{"embeddable":true,"href":"https:\/\/abinox-chr-clim.com\/index.php\/wp-json\/wp\/v2\/comments?post=71094"}],"wp:featuredmedia":[{"embeddable":true,"href":"https:\/\/abinox-chr-clim.com\/index.php\/wp-json\/wp\/v2\/media\/101225"}],"wp:attachment":[{"href":"https:\/\/abinox-chr-clim.com\/index.php\/wp-json\/wp\/v2\/media?parent=71094"}],"wp:term":[{"taxonomy":"product_brand","embeddable":true,"href":"https:\/\/abinox-chr-clim.com\/index.php\/wp-json\/wp\/v2\/product_brand?post=71094"},{"taxonomy":"product_cat","embeddable":true,"href":"https:\/\/abinox-chr-clim.com\/index.php\/wp-json\/wp\/v2\/product_cat?post=71094"},{"taxonomy":"product_tag","embeddable":true,"href":"https:\/\/abinox-chr-clim.com\/index.php\/wp-json\/wp\/v2\/product_tag?post=71094"}],"curies":[{"name":"wp","href":"https:\/\/api.w.org\/{rel}","templated":true}]}}