{"id":71093,"date":"2024-03-22T19:39:34","date_gmt":"2024-03-22T18:39:34","guid":{"rendered":"https:\/\/abinox-chr-clim.com\/index.php\/product\/carnets-de-commande-autocopiants-triple-exemplaire-olympia-lot-de-50\/"},"modified":"2025-06-30T10:19:57","modified_gmt":"2025-06-30T08:19:57","slug":"carnets-de-commande-autocopiants-triple-exemplaire-olympia-lot-de-50","status":"publish","type":"product","link":"https:\/\/abinox-chr-clim.com\/index.php\/product\/carnets-de-commande-autocopiants-triple-exemplaire-olympia-lot-de-50\/","title":{"rendered":"Carnets de commande autocopiants triple exemplaire Olympia (lot de 50)"},"content":{"rendered":"<p>Produit 3 exemplaires de chaque commande pour la cuisine et la caisse. 50 (x2) pages num\u00e9rot\u00e9es. Alternative propre aux feuilles carbone. Le bord pr\u00e9d\u00e9coup\u00e9 rend les pages faciles \u00e0 d\u00e9chirer. Le mat\u00e9riau anti-taches garantit une \u00e9criture claire et pr\u00e9cise.  Produit 3 exemplaires de chaque commande pour la cuisine et la caisse.<\/p>\n<p>Caract\u00e9ristiques :<br \/>Lot : 50.<br \/> Dimensions : 95 x 165mm.<br \/> Mati\u00e8re : Papier<\/p>\n","protected":false},"excerpt":{"rendered":"<p>Carnets de commande autocopiants triple exemplaire Olympia (lot de 50)<\/p>\n","protected":false},"featured_media":101127,"comment_status":"closed","ping_status":"closed","template":"","meta":[],"product_brand":[],"product_cat":[1122,1297,1124,1106],"product_tag":[],"class_list":{"0":"post-71093","1":"product","2":"type-product","3":"status-publish","4":"has-post-thumbnail","6":"product_cat-menus-et-signaletique","7":"product_cat-non-palettisable","8":"product_cat-plateaux-a-additions","9":"product_cat-restaurant-bar-et-hotel","10":"product_shipping_class-free-shipping","12":"first","13":"outofstock","14":"featured","15":"taxable","16":"shipping-taxable","17":"purchasable","18":"product-type-simple"},"_links":{"self":[{"href":"https:\/\/abinox-chr-clim.com\/index.php\/wp-json\/wp\/v2\/product\/71093","targetHints":{"allow":["GET"]}}],"collection":[{"href":"https:\/\/abinox-chr-clim.com\/index.php\/wp-json\/wp\/v2\/product"}],"about":[{"href":"https:\/\/abinox-chr-clim.com\/index.php\/wp-json\/wp\/v2\/types\/product"}],"replies":[{"embeddable":true,"href":"https:\/\/abinox-chr-clim.com\/index.php\/wp-json\/wp\/v2\/comments?post=71093"}],"wp:featuredmedia":[{"embeddable":true,"href":"https:\/\/abinox-chr-clim.com\/index.php\/wp-json\/wp\/v2\/media\/101127"}],"wp:attachment":[{"href":"https:\/\/abinox-chr-clim.com\/index.php\/wp-json\/wp\/v2\/media?parent=71093"}],"wp:term":[{"taxonomy":"product_brand","embeddable":true,"href":"https:\/\/abinox-chr-clim.com\/index.php\/wp-json\/wp\/v2\/product_brand?post=71093"},{"taxonomy":"product_cat","embeddable":true,"href":"https:\/\/abinox-chr-clim.com\/index.php\/wp-json\/wp\/v2\/product_cat?post=71093"},{"taxonomy":"product_tag","embeddable":true,"href":"https:\/\/abinox-chr-clim.com\/index.php\/wp-json\/wp\/v2\/product_tag?post=71093"}],"curies":[{"name":"wp","href":"https:\/\/api.w.org\/{rel}","templated":true}]}}