{"id":71092,"date":"2024-03-22T19:39:34","date_gmt":"2024-03-22T18:39:34","guid":{"rendered":"https:\/\/abinox-chr-clim.com\/index.php\/product\/petits-carnets-de-commande-autocopiants-olympia-lot-de-50\/"},"modified":"2025-08-30T10:08:19","modified_gmt":"2025-08-30T08:08:19","slug":"petits-carnets-de-commande-autocopiants-olympia-lot-de-50","status":"publish","type":"product","link":"https:\/\/abinox-chr-clim.com\/index.php\/product\/petits-carnets-de-commande-autocopiants-olympia-lot-de-50\/","title":{"rendered":"Petits carnets de commande autocopiants Olympia (lot de 50)"},"content":{"rendered":"<p>Produit 2 exemplaires de chaque commande pour la cuisine et la caisse. 50 (x2) pages num\u00e9rot\u00e9es. Alternative propre aux feuilles carbone. Plus efficace &#8211; commencez simplement une nouvelle page et \u00e9crivez. Les blocs sans carbone fonctionnent comme ceux avec feuille de carbone, sans qu&rsquo;il soit n\u00e9cessaire de placer la feuille de carbone entre chaque ensemble de pages. Une alternative plus propre &#8211; plus de traces d&rsquo;encre de la feuille de carbone. Produit 2 exemplaires de chaque commande pour la cuisine et la caisse.<\/p>\n<p>Caract\u00e9ristiques :<br \/>Lot : 50.<br \/> Dimensions : 76 x 127mm.<br \/> Mati\u00e8re : Papier<\/p>\n","protected":false},"excerpt":{"rendered":"<p>Petits carnets de commande autocopiants Olympia (lot de 50)<\/p>\n","protected":false},"featured_media":101126,"comment_status":"closed","ping_status":"closed","template":"","meta":[],"product_brand":[],"product_cat":[1122,1297,1124,1106],"product_tag":[],"class_list":{"0":"post-71092","1":"product","2":"type-product","3":"status-publish","4":"has-post-thumbnail","6":"product_cat-menus-et-signaletique","7":"product_cat-non-palettisable","8":"product_cat-plateaux-a-additions","9":"product_cat-restaurant-bar-et-hotel","10":"product_shipping_class-free-shipping","12":"first","13":"outofstock","14":"featured","15":"taxable","16":"shipping-taxable","17":"purchasable","18":"product-type-simple"},"_links":{"self":[{"href":"https:\/\/abinox-chr-clim.com\/index.php\/wp-json\/wp\/v2\/product\/71092","targetHints":{"allow":["GET"]}}],"collection":[{"href":"https:\/\/abinox-chr-clim.com\/index.php\/wp-json\/wp\/v2\/product"}],"about":[{"href":"https:\/\/abinox-chr-clim.com\/index.php\/wp-json\/wp\/v2\/types\/product"}],"replies":[{"embeddable":true,"href":"https:\/\/abinox-chr-clim.com\/index.php\/wp-json\/wp\/v2\/comments?post=71092"}],"wp:featuredmedia":[{"embeddable":true,"href":"https:\/\/abinox-chr-clim.com\/index.php\/wp-json\/wp\/v2\/media\/101126"}],"wp:attachment":[{"href":"https:\/\/abinox-chr-clim.com\/index.php\/wp-json\/wp\/v2\/media?parent=71092"}],"wp:term":[{"taxonomy":"product_brand","embeddable":true,"href":"https:\/\/abinox-chr-clim.com\/index.php\/wp-json\/wp\/v2\/product_brand?post=71092"},{"taxonomy":"product_cat","embeddable":true,"href":"https:\/\/abinox-chr-clim.com\/index.php\/wp-json\/wp\/v2\/product_cat?post=71092"},{"taxonomy":"product_tag","embeddable":true,"href":"https:\/\/abinox-chr-clim.com\/index.php\/wp-json\/wp\/v2\/product_tag?post=71092"}],"curies":[{"name":"wp","href":"https:\/\/api.w.org\/{rel}","templated":true}]}}