{"id":71090,"date":"2024-03-22T19:39:33","date_gmt":"2024-03-22T18:39:33","guid":{"rendered":"https:\/\/abinox-chr-clim.com\/index.php\/product\/carnets-de-commande-exemplaire-simple-olympia-lot-de-50\/"},"modified":"2026-04-15T08:54:25","modified_gmt":"2026-04-15T06:54:25","slug":"carnets-de-commande-exemplaire-simple-olympia-lot-de-50","status":"publish","type":"product","link":"https:\/\/abinox-chr-clim.com\/index.php\/product\/carnets-de-commande-exemplaire-simple-olympia-lot-de-50\/","title":{"rendered":"Carnets de commande exemplaire simple Olympia (lot de 50)"},"content":{"rendered":"<p>Carnets blancs de 50 feuilles num\u00e9rot\u00e9es d\u00e9tachables. 63 x 127 mm.<br \/>Ne permet pas de duplicata. 50 pages individuelles par carnet. Feuilles pr\u00e9d\u00e9coup\u00e9es faciles \u00e0 d\u00e9tacher. Abordable et facile \u00e0 utiliser. Ne permet pas de duplicata.<\/p>\n<p>Caract\u00e9ristiques :<br \/>Lot : 50.<br \/> Dimensions : 63 x 127mm.<br \/> Mati\u00e8re : Papier.<br \/> Couleur : Blanc.<\/p>\n","protected":false},"excerpt":{"rendered":"<p>Carnets de commande exemplaire simple Olympia (lot de 50)<\/p>\n","protected":false},"featured_media":96079,"comment_status":"closed","ping_status":"closed","template":"","meta":[],"product_brand":[],"product_cat":[1122,1297,1124,1106],"product_tag":[],"class_list":{"0":"post-71090","1":"product","2":"type-product","3":"status-publish","4":"has-post-thumbnail","6":"product_cat-menus-et-signaletique","7":"product_cat-non-palettisable","8":"product_cat-plateaux-a-additions","9":"product_cat-restaurant-bar-et-hotel","10":"product_shipping_class-free-shipping","12":"first","13":"outofstock","14":"featured","15":"taxable","16":"shipping-taxable","17":"purchasable","18":"product-type-simple"},"_links":{"self":[{"href":"https:\/\/abinox-chr-clim.com\/index.php\/wp-json\/wp\/v2\/product\/71090","targetHints":{"allow":["GET"]}}],"collection":[{"href":"https:\/\/abinox-chr-clim.com\/index.php\/wp-json\/wp\/v2\/product"}],"about":[{"href":"https:\/\/abinox-chr-clim.com\/index.php\/wp-json\/wp\/v2\/types\/product"}],"replies":[{"embeddable":true,"href":"https:\/\/abinox-chr-clim.com\/index.php\/wp-json\/wp\/v2\/comments?post=71090"}],"wp:featuredmedia":[{"embeddable":true,"href":"https:\/\/abinox-chr-clim.com\/index.php\/wp-json\/wp\/v2\/media\/96079"}],"wp:attachment":[{"href":"https:\/\/abinox-chr-clim.com\/index.php\/wp-json\/wp\/v2\/media?parent=71090"}],"wp:term":[{"taxonomy":"product_brand","embeddable":true,"href":"https:\/\/abinox-chr-clim.com\/index.php\/wp-json\/wp\/v2\/product_brand?post=71090"},{"taxonomy":"product_cat","embeddable":true,"href":"https:\/\/abinox-chr-clim.com\/index.php\/wp-json\/wp\/v2\/product_cat?post=71090"},{"taxonomy":"product_tag","embeddable":true,"href":"https:\/\/abinox-chr-clim.com\/index.php\/wp-json\/wp\/v2\/product_tag?post=71090"}],"curies":[{"name":"wp","href":"https:\/\/api.w.org\/{rel}","templated":true}]}}