{"id":71089,"date":"2024-03-22T19:39:33","date_gmt":"2024-03-22T18:39:33","guid":{"rendered":"https:\/\/abinox-chr-clim.com\/index.php\/product\/grands-carnets-de-commande-autocopiants-olympia-lot-de-50\/"},"modified":"2026-04-15T08:54:24","modified_gmt":"2026-04-15T06:54:24","slug":"grands-carnets-de-commande-autocopiants-olympia-lot-de-50","status":"publish","type":"product","link":"https:\/\/abinox-chr-clim.com\/index.php\/product\/grands-carnets-de-commande-autocopiants-olympia-lot-de-50\/","title":{"rendered":"Grands carnets de commande autocopiants Olympia (lot de 50)"},"content":{"rendered":"<p>Lot de 50 carnets de commandes. 50 feuilles num\u00e9rot\u00e9es d\u00e9tachables par carnet.<br \/>Num\u00e9rot\u00e9s pour l&rsquo;organisation. Le duplicata permet d&rsquo;avoir un double de la commande. Pages pr\u00e9d\u00e9coup\u00e9es faciles \u00e0 d\u00e9chirer. 50 pages pour 50 commandes. Sans marque pour vous permettre de contr\u00f4ler votre syst\u00e8me de commande.  Num\u00e9rot\u00e9s pour l&rsquo;organisation.<\/p>\n<p>Caract\u00e9ristiques :<br \/>Lot : 50.<br \/> Dimensions : 10(H) x 89(L) x 165(P) mm.<br \/> Mati\u00e8re : Papier.<br \/> Couleur : Blanc.<\/p>\n","protected":false},"excerpt":{"rendered":"<p>Grands carnets de commande autocopiants Olympia (lot de 50)<\/p>\n","protected":false},"featured_media":96087,"comment_status":"closed","ping_status":"closed","template":"","meta":[],"product_brand":[],"product_cat":[1122,1297,1124,1106],"product_tag":[],"class_list":{"0":"post-71089","1":"product","2":"type-product","3":"status-publish","4":"has-post-thumbnail","6":"product_cat-menus-et-signaletique","7":"product_cat-non-palettisable","8":"product_cat-plateaux-a-additions","9":"product_cat-restaurant-bar-et-hotel","10":"product_shipping_class-free-shipping","12":"first","13":"instock","14":"featured","15":"taxable","16":"shipping-taxable","17":"purchasable","18":"product-type-simple"},"_links":{"self":[{"href":"https:\/\/abinox-chr-clim.com\/index.php\/wp-json\/wp\/v2\/product\/71089","targetHints":{"allow":["GET"]}}],"collection":[{"href":"https:\/\/abinox-chr-clim.com\/index.php\/wp-json\/wp\/v2\/product"}],"about":[{"href":"https:\/\/abinox-chr-clim.com\/index.php\/wp-json\/wp\/v2\/types\/product"}],"replies":[{"embeddable":true,"href":"https:\/\/abinox-chr-clim.com\/index.php\/wp-json\/wp\/v2\/comments?post=71089"}],"wp:featuredmedia":[{"embeddable":true,"href":"https:\/\/abinox-chr-clim.com\/index.php\/wp-json\/wp\/v2\/media\/96087"}],"wp:attachment":[{"href":"https:\/\/abinox-chr-clim.com\/index.php\/wp-json\/wp\/v2\/media?parent=71089"}],"wp:term":[{"taxonomy":"product_brand","embeddable":true,"href":"https:\/\/abinox-chr-clim.com\/index.php\/wp-json\/wp\/v2\/product_brand?post=71089"},{"taxonomy":"product_cat","embeddable":true,"href":"https:\/\/abinox-chr-clim.com\/index.php\/wp-json\/wp\/v2\/product_cat?post=71089"},{"taxonomy":"product_tag","embeddable":true,"href":"https:\/\/abinox-chr-clim.com\/index.php\/wp-json\/wp\/v2\/product_tag?post=71089"}],"curies":[{"name":"wp","href":"https:\/\/api.w.org\/{rel}","templated":true}]}}