{"id":71088,"date":"2024-03-22T19:39:33","date_gmt":"2024-03-22T18:39:33","guid":{"rendered":"https:\/\/abinox-chr-clim.com\/index.php\/product\/petits-carnets-de-commande-autocopiants-lot-de-50\/"},"modified":"2026-04-15T08:54:23","modified_gmt":"2026-04-15T06:54:23","slug":"petits-carnets-de-commande-autocopiants-lot-de-50","status":"publish","type":"product","link":"https:\/\/abinox-chr-clim.com\/index.php\/product\/petits-carnets-de-commande-autocopiants-lot-de-50\/","title":{"rendered":"Petits carnets de commande autocopiants (Lot de 50)"},"content":{"rendered":"<p>\u00c9tiquet\u00e9 pour l&rsquo;organisation. Non marqu\u00e9 pour vous donner le contr\u00f4le de votre syst\u00e8me de commande. Le papier de copie permet d&rsquo;avoir toujours une copie de rechange. Perfor\u00e9 pour une d\u00e9chirure facile. 50 pages pour 50 commandes.  \u00c9tiquet\u00e9 pour l&rsquo;organisation.<\/p>\n<p>Caract\u00e9ristiques :<br \/>Lot : 50.<br \/> Dimensions : 76(L) mm.<br \/> Mati\u00e8re : Papier<\/p>\n","protected":false},"excerpt":{"rendered":"<p>Petits carnets de commande autocopiants (Lot de 50)<\/p>\n","protected":false},"featured_media":96095,"comment_status":"closed","ping_status":"closed","template":"","meta":[],"product_brand":[],"product_cat":[1122,1297,1124,1106],"product_tag":[],"class_list":{"0":"post-71088","1":"product","2":"type-product","3":"status-publish","4":"has-post-thumbnail","6":"product_cat-menus-et-signaletique","7":"product_cat-non-palettisable","8":"product_cat-plateaux-a-additions","9":"product_cat-restaurant-bar-et-hotel","10":"product_shipping_class-free-shipping","12":"first","13":"instock","14":"featured","15":"taxable","16":"shipping-taxable","17":"purchasable","18":"product-type-simple"},"_links":{"self":[{"href":"https:\/\/abinox-chr-clim.com\/index.php\/wp-json\/wp\/v2\/product\/71088","targetHints":{"allow":["GET"]}}],"collection":[{"href":"https:\/\/abinox-chr-clim.com\/index.php\/wp-json\/wp\/v2\/product"}],"about":[{"href":"https:\/\/abinox-chr-clim.com\/index.php\/wp-json\/wp\/v2\/types\/product"}],"replies":[{"embeddable":true,"href":"https:\/\/abinox-chr-clim.com\/index.php\/wp-json\/wp\/v2\/comments?post=71088"}],"wp:featuredmedia":[{"embeddable":true,"href":"https:\/\/abinox-chr-clim.com\/index.php\/wp-json\/wp\/v2\/media\/96095"}],"wp:attachment":[{"href":"https:\/\/abinox-chr-clim.com\/index.php\/wp-json\/wp\/v2\/media?parent=71088"}],"wp:term":[{"taxonomy":"product_brand","embeddable":true,"href":"https:\/\/abinox-chr-clim.com\/index.php\/wp-json\/wp\/v2\/product_brand?post=71088"},{"taxonomy":"product_cat","embeddable":true,"href":"https:\/\/abinox-chr-clim.com\/index.php\/wp-json\/wp\/v2\/product_cat?post=71088"},{"taxonomy":"product_tag","embeddable":true,"href":"https:\/\/abinox-chr-clim.com\/index.php\/wp-json\/wp\/v2\/product_tag?post=71088"}],"curies":[{"name":"wp","href":"https:\/\/api.w.org\/{rel}","templated":true}]}}