{"id":71086,"date":"2024-03-22T19:39:32","date_gmt":"2024-03-22T18:39:32","guid":{"rendered":"https:\/\/abinox-chr-clim.com\/index.php\/product\/porte-addition-en-cuir-securit-classic-noir\/"},"modified":"2026-04-15T10:24:46","modified_gmt":"2026-04-15T08:24:46","slug":"porte-addition-en-cuir-securit-classic-noir","status":"publish","type":"product","link":"https:\/\/abinox-chr-clim.com\/index.php\/product\/porte-addition-en-cuir-securit-classic-noir\/","title":{"rendered":"Porte-addition en cuir Securit Classic noir"},"content":{"rendered":"<p>Porte-menus A4 ou A5 r\u00e9sistants en simili cuir avec quatre pages d&rsquo;affichage. Pour ajouter des pages, commandez des feuillets transparents suppl\u00e9mentaires. Les feuillets suppl\u00e9mentaires et le cordon dor\u00e9 d\u00e9coratif sont vendus s\u00e9par\u00e9ment. Cartes de menu non fournies.<br \/>Protections d&rsquo;angles en m\u00e9tal. Adapt\u00e9 aux cartes de cr\u00e9dit et de visite. Style cuir classique. Porte-menu assorti \u00e9galement disponible. Couleur noire classique.  Protections d&rsquo;angles en m\u00e9tal.<\/p>\n<p>Caract\u00e9ristiques :<br \/> Dimensions : 239(H) x 131(L) x 5(P) mm.<br \/> Mati\u00e8re : PU.<br \/> Couleur : Noir.<\/p>\n","protected":false},"excerpt":{"rendered":"<p>Porte-addition en cuir Securit Classic noir<\/p>\n","protected":false},"featured_media":91594,"comment_status":"closed","ping_status":"closed","template":"","meta":[],"product_brand":[],"product_cat":[1122,1297,1124,1106],"product_tag":[],"class_list":{"0":"post-71086","1":"product","2":"type-product","3":"status-publish","4":"has-post-thumbnail","6":"product_cat-menus-et-signaletique","7":"product_cat-non-palettisable","8":"product_cat-plateaux-a-additions","9":"product_cat-restaurant-bar-et-hotel","10":"product_shipping_class-free-shipping","12":"first","13":"outofstock","14":"featured","15":"taxable","16":"shipping-taxable","17":"purchasable","18":"product-type-simple"},"_links":{"self":[{"href":"https:\/\/abinox-chr-clim.com\/index.php\/wp-json\/wp\/v2\/product\/71086","targetHints":{"allow":["GET"]}}],"collection":[{"href":"https:\/\/abinox-chr-clim.com\/index.php\/wp-json\/wp\/v2\/product"}],"about":[{"href":"https:\/\/abinox-chr-clim.com\/index.php\/wp-json\/wp\/v2\/types\/product"}],"replies":[{"embeddable":true,"href":"https:\/\/abinox-chr-clim.com\/index.php\/wp-json\/wp\/v2\/comments?post=71086"}],"wp:featuredmedia":[{"embeddable":true,"href":"https:\/\/abinox-chr-clim.com\/index.php\/wp-json\/wp\/v2\/media\/91594"}],"wp:attachment":[{"href":"https:\/\/abinox-chr-clim.com\/index.php\/wp-json\/wp\/v2\/media?parent=71086"}],"wp:term":[{"taxonomy":"product_brand","embeddable":true,"href":"https:\/\/abinox-chr-clim.com\/index.php\/wp-json\/wp\/v2\/product_brand?post=71086"},{"taxonomy":"product_cat","embeddable":true,"href":"https:\/\/abinox-chr-clim.com\/index.php\/wp-json\/wp\/v2\/product_cat?post=71086"},{"taxonomy":"product_tag","embeddable":true,"href":"https:\/\/abinox-chr-clim.com\/index.php\/wp-json\/wp\/v2\/product_tag?post=71086"}],"curies":[{"name":"wp","href":"https:\/\/api.w.org\/{rel}","templated":true}]}}