{"id":71085,"date":"2024-03-22T19:39:31","date_gmt":"2024-03-22T18:39:31","guid":{"rendered":"https:\/\/abinox-chr-clim.com\/index.php\/product\/porte-addition-en-bois-olympia\/"},"modified":"2026-04-15T09:45:11","modified_gmt":"2026-04-15T07:45:11","slug":"porte-addition-en-bois-olympia","status":"publish","type":"product","link":"https:\/\/abinox-chr-clim.com\/index.php\/product\/porte-addition-en-bois-olympia\/","title":{"rendered":"Porte-addition en bois Olympia"},"content":{"rendered":"<p>Mini plaque porte-bloc pour pr\u00e9senter l&rsquo;addition.<br \/>Moyen original et \u00e9l\u00e9gant de pr\u00e9senter les additions. Clip durable pour maintenir les additions. Porte-addition modernis\u00e9 : apporte une touche d&rsquo;originalit\u00e9. Assorti \u00e0 CL174, CL175 et CL176.  Moyen original et \u00e9l\u00e9gant de pr\u00e9senter les additions.<\/p>\n<p>Caract\u00e9ristiques :<br \/> Dimensions : 150(H) x 90(L) mm.<br \/> Mati\u00e8re : Bois.<br \/> Couleur : Marron.<\/p>\n","protected":false},"excerpt":{"rendered":"<p>Porte-addition en bois Olympia<\/p>\n","protected":false},"featured_media":85017,"comment_status":"closed","ping_status":"closed","template":"","meta":[],"product_brand":[],"product_cat":[1122,1297,1124,1106],"product_tag":[],"class_list":{"0":"post-71085","1":"product","2":"type-product","3":"status-publish","4":"has-post-thumbnail","6":"product_cat-menus-et-signaletique","7":"product_cat-non-palettisable","8":"product_cat-plateaux-a-additions","9":"product_cat-restaurant-bar-et-hotel","10":"product_shipping_class-free-shipping","12":"first","13":"instock","14":"featured","15":"taxable","16":"shipping-taxable","17":"purchasable","18":"product-type-simple"},"_links":{"self":[{"href":"https:\/\/abinox-chr-clim.com\/index.php\/wp-json\/wp\/v2\/product\/71085","targetHints":{"allow":["GET"]}}],"collection":[{"href":"https:\/\/abinox-chr-clim.com\/index.php\/wp-json\/wp\/v2\/product"}],"about":[{"href":"https:\/\/abinox-chr-clim.com\/index.php\/wp-json\/wp\/v2\/types\/product"}],"replies":[{"embeddable":true,"href":"https:\/\/abinox-chr-clim.com\/index.php\/wp-json\/wp\/v2\/comments?post=71085"}],"wp:featuredmedia":[{"embeddable":true,"href":"https:\/\/abinox-chr-clim.com\/index.php\/wp-json\/wp\/v2\/media\/85017"}],"wp:attachment":[{"href":"https:\/\/abinox-chr-clim.com\/index.php\/wp-json\/wp\/v2\/media?parent=71085"}],"wp:term":[{"taxonomy":"product_brand","embeddable":true,"href":"https:\/\/abinox-chr-clim.com\/index.php\/wp-json\/wp\/v2\/product_brand?post=71085"},{"taxonomy":"product_cat","embeddable":true,"href":"https:\/\/abinox-chr-clim.com\/index.php\/wp-json\/wp\/v2\/product_cat?post=71085"},{"taxonomy":"product_tag","embeddable":true,"href":"https:\/\/abinox-chr-clim.com\/index.php\/wp-json\/wp\/v2\/product_tag?post=71085"}],"curies":[{"name":"wp","href":"https:\/\/api.w.org\/{rel}","templated":true}]}}