{"id":71083,"date":"2024-03-22T19:39:31","date_gmt":"2024-03-22T18:39:31","guid":{"rendered":"https:\/\/abinox-chr-clim.com\/index.php\/product\/feutres-craie-a-encre-liquide-coloris-assortis-securit-6mm-lot-de-8\/"},"modified":"2026-04-15T09:21:53","modified_gmt":"2026-04-15T07:21:53","slug":"feutres-craie-a-encre-liquide-coloris-assortis-securit-6mm-lot-de-8","status":"publish","type":"product","link":"https:\/\/abinox-chr-clim.com\/index.php\/product\/feutres-craie-a-encre-liquide-coloris-assortis-securit-6mm-lot-de-8\/","title":{"rendered":"Feutres craie \u00e0 encre liquide coloris assortis Securit 6mm (lot de 8)"},"content":{"rendered":"<p>Marqueurs \u00e0 utiliser avec tous les tableaux des pages pr\u00e9c\u00e9dentes, sans bavure une fois sec, qui s&rsquo;effacent facilement \u00e0 l&rsquo;aide d&rsquo;un chiffon humide. Taille de la pointe : 2 x 6 mm.<br \/>Nettoyage facile avec le produits nettoyant Securit (Y994). Couleurs: blanc, rose, rouge, orange, jaune, vert, bleu et violet. Con\u00e7us pour des inscriptions pr\u00e9cises et d\u00e9taill\u00e9es. Non waterproof. Apr\u00e8s avoir laiss\u00e9 s\u00e9cher l&rsquo;encre, elle r\u00e9siste \u00e0 une petite pluie tr\u00e8s l\u00e9g\u00e8re, mais pas \u00e0 l&rsquo;eau.Egalement disponible avec une pointe de 15mm (Y998).  Nettoyage facile avec le produits nettoyant Securit (Y994).<\/p>\n<p>Caract\u00e9ristiques :<br \/>Lot : 8.<br \/> Dimensions : 150(H) x 145(L) x 20(P) mm.<br \/> Mati\u00e8re : Plastique.<br \/> Couleur : Blanc, rose, rouge, orange, ja.<\/p>\n","protected":false},"excerpt":{"rendered":"<p>Feutres craie \u00e0 encre liquide coloris assortis Securit 6mm (lot de 8)<\/p>\n","protected":false},"featured_media":97909,"comment_status":"closed","ping_status":"closed","template":"","meta":[],"product_brand":[],"product_cat":[1122,1297,1123,1106],"product_tag":[],"class_list":{"0":"post-71083","1":"product","2":"type-product","3":"status-publish","4":"has-post-thumbnail","6":"product_cat-menus-et-signaletique","7":"product_cat-non-palettisable","8":"product_cat-panneaux-et-ardoises","9":"product_cat-restaurant-bar-et-hotel","10":"product_shipping_class-free-shipping","12":"first","13":"instock","14":"featured","15":"taxable","16":"shipping-taxable","17":"purchasable","18":"product-type-simple"},"_links":{"self":[{"href":"https:\/\/abinox-chr-clim.com\/index.php\/wp-json\/wp\/v2\/product\/71083","targetHints":{"allow":["GET"]}}],"collection":[{"href":"https:\/\/abinox-chr-clim.com\/index.php\/wp-json\/wp\/v2\/product"}],"about":[{"href":"https:\/\/abinox-chr-clim.com\/index.php\/wp-json\/wp\/v2\/types\/product"}],"replies":[{"embeddable":true,"href":"https:\/\/abinox-chr-clim.com\/index.php\/wp-json\/wp\/v2\/comments?post=71083"}],"wp:featuredmedia":[{"embeddable":true,"href":"https:\/\/abinox-chr-clim.com\/index.php\/wp-json\/wp\/v2\/media\/97909"}],"wp:attachment":[{"href":"https:\/\/abinox-chr-clim.com\/index.php\/wp-json\/wp\/v2\/media?parent=71083"}],"wp:term":[{"taxonomy":"product_brand","embeddable":true,"href":"https:\/\/abinox-chr-clim.com\/index.php\/wp-json\/wp\/v2\/product_brand?post=71083"},{"taxonomy":"product_cat","embeddable":true,"href":"https:\/\/abinox-chr-clim.com\/index.php\/wp-json\/wp\/v2\/product_cat?post=71083"},{"taxonomy":"product_tag","embeddable":true,"href":"https:\/\/abinox-chr-clim.com\/index.php\/wp-json\/wp\/v2\/product_tag?post=71083"}],"curies":[{"name":"wp","href":"https:\/\/api.w.org\/{rel}","templated":true}]}}