{"id":71082,"date":"2024-03-22T19:39:30","date_gmt":"2024-03-22T18:39:30","guid":{"rendered":"https:\/\/abinox-chr-clim.com\/index.php\/product\/lot-de-8-marqueurs-craie-securit-illumigraph-15mm\/"},"modified":"2026-04-15T09:21:52","modified_gmt":"2026-04-15T07:21:52","slug":"lot-de-8-marqueurs-craie-securit-illumigraph-15mm","status":"publish","type":"product","link":"https:\/\/abinox-chr-clim.com\/index.php\/product\/lot-de-8-marqueurs-craie-securit-illumigraph-15mm\/","title":{"rendered":"Lot de 8 marqueurs craie Securit Illumigraph 15mm"},"content":{"rendered":"<p>Se nettoie facilement avec le nettoyant pour tableau Securit (Y994). Couleurs : blanc, rouge, bleu, orange, jaune, rose, vert, violet. Laisser s\u00e9cher compl\u00e8tement avant d\u00e9placement pour de meilleurs r\u00e9sultats. Parfait pour les grandes ardoises. Non waterproof. Apr\u00e8s avoir laiss\u00e9 s\u00e9cher l&rsquo;encre, elle r\u00e9siste \u00e0 une petite pluie tr\u00e8s l\u00e9g\u00e8re, mais pas \u00e0 l&rsquo;eau.\u00c9galement disponible avec une pointe de 6 mm (Y999).  Se nettoie facilement avec le nettoyant pour tableau Securit (Y994).<\/p>\n<p>Caract\u00e9ristiques :<br \/>Lot : 8.<br \/> Dimensions : 230(H) x 165(l) x 33(P) mm.<br \/> Mati\u00e8re : Plastique<\/p>\n","protected":false},"excerpt":{"rendered":"<p>Lot de 8 marqueurs craie Securit Illumigraph 15mm<\/p>\n","protected":false},"featured_media":97908,"comment_status":"closed","ping_status":"closed","template":"","meta":[],"product_brand":[],"product_cat":[1122,1297,1123,1106],"product_tag":[],"class_list":{"0":"post-71082","1":"product","2":"type-product","3":"status-publish","4":"has-post-thumbnail","6":"product_cat-menus-et-signaletique","7":"product_cat-non-palettisable","8":"product_cat-panneaux-et-ardoises","9":"product_cat-restaurant-bar-et-hotel","10":"product_shipping_class-free-shipping","12":"first","13":"instock","14":"featured","15":"taxable","16":"shipping-taxable","17":"purchasable","18":"product-type-simple"},"_links":{"self":[{"href":"https:\/\/abinox-chr-clim.com\/index.php\/wp-json\/wp\/v2\/product\/71082","targetHints":{"allow":["GET"]}}],"collection":[{"href":"https:\/\/abinox-chr-clim.com\/index.php\/wp-json\/wp\/v2\/product"}],"about":[{"href":"https:\/\/abinox-chr-clim.com\/index.php\/wp-json\/wp\/v2\/types\/product"}],"replies":[{"embeddable":true,"href":"https:\/\/abinox-chr-clim.com\/index.php\/wp-json\/wp\/v2\/comments?post=71082"}],"wp:featuredmedia":[{"embeddable":true,"href":"https:\/\/abinox-chr-clim.com\/index.php\/wp-json\/wp\/v2\/media\/97908"}],"wp:attachment":[{"href":"https:\/\/abinox-chr-clim.com\/index.php\/wp-json\/wp\/v2\/media?parent=71082"}],"wp:term":[{"taxonomy":"product_brand","embeddable":true,"href":"https:\/\/abinox-chr-clim.com\/index.php\/wp-json\/wp\/v2\/product_brand?post=71082"},{"taxonomy":"product_cat","embeddable":true,"href":"https:\/\/abinox-chr-clim.com\/index.php\/wp-json\/wp\/v2\/product_cat?post=71082"},{"taxonomy":"product_tag","embeddable":true,"href":"https:\/\/abinox-chr-clim.com\/index.php\/wp-json\/wp\/v2\/product_tag?post=71082"}],"curies":[{"name":"wp","href":"https:\/\/api.w.org\/{rel}","templated":true}]}}