{"id":71075,"date":"2024-03-22T19:39:28","date_gmt":"2024-03-22T18:39:28","guid":{"rendered":"https:\/\/abinox-chr-clim.com\/index.php\/product\/marqueur-craie-tous-temps-securit-zig-posterman-15mm-blanc\/"},"modified":"2025-06-17T10:03:37","modified_gmt":"2025-06-17T08:03:37","slug":"marqueur-craie-tous-temps-securit-zig-posterman-15mm-blanc","status":"publish","type":"product","link":"https:\/\/abinox-chr-clim.com\/index.php\/product\/marqueur-craie-tous-temps-securit-zig-posterman-15mm-blanc\/","title":{"rendered":"Marqueur craie tous temps Securit Zig Posterman 15mm blanc"},"content":{"rendered":"<p>Les marqueurs ind\u00e9l\u00e9biles s&rsquo;utilisent sur les ardoises recto verso. Utiliser un solvant pour nettoyer les ardoises. Y984 (ensemble de 8 couleurs): blanc, rose, rouge, bleu clair, jaune, vert, bleu, noir. Taille de la pointe : 7 X 15 mm.<br \/>Utiliser le solvant Y994 pour effacer facilement vos inscriptions des ardoises. Parfait pour une utilisation en ext\u00e9rieur. R\u00e9sistant \u00e0 l&rsquo;eau. Pointe de 15 mm pour les affichages en gras, soulign\u00e9s ou \u00e0 grande \u00e9chelle. Pointe \u00e0 pompe.  Utiliser le solvant Y994 pour effacer facilement vos inscriptions des ardoises.<\/p>\n<p>Caract\u00e9ristiques :<br \/> Dimensions : 85(H) x 160(L) x 55(P) mm.<br \/> Mati\u00e8re : Plastique.<br \/> Couleur : Blanc.<\/p>\n","protected":false},"excerpt":{"rendered":"<p>Marqueur craie tous temps Securit Zig Posterman 15mm blanc<\/p>\n","protected":false},"featured_media":97903,"comment_status":"closed","ping_status":"closed","template":"","meta":[],"product_brand":[],"product_cat":[1122,1297,1123,1106],"product_tag":[],"class_list":{"0":"post-71075","1":"product","2":"type-product","3":"status-publish","4":"has-post-thumbnail","6":"product_cat-menus-et-signaletique","7":"product_cat-non-palettisable","8":"product_cat-panneaux-et-ardoises","9":"product_cat-restaurant-bar-et-hotel","10":"product_shipping_class-free-shipping","12":"first","13":"outofstock","14":"featured","15":"taxable","16":"shipping-taxable","17":"purchasable","18":"product-type-simple"},"_links":{"self":[{"href":"https:\/\/abinox-chr-clim.com\/index.php\/wp-json\/wp\/v2\/product\/71075","targetHints":{"allow":["GET"]}}],"collection":[{"href":"https:\/\/abinox-chr-clim.com\/index.php\/wp-json\/wp\/v2\/product"}],"about":[{"href":"https:\/\/abinox-chr-clim.com\/index.php\/wp-json\/wp\/v2\/types\/product"}],"replies":[{"embeddable":true,"href":"https:\/\/abinox-chr-clim.com\/index.php\/wp-json\/wp\/v2\/comments?post=71075"}],"wp:featuredmedia":[{"embeddable":true,"href":"https:\/\/abinox-chr-clim.com\/index.php\/wp-json\/wp\/v2\/media\/97903"}],"wp:attachment":[{"href":"https:\/\/abinox-chr-clim.com\/index.php\/wp-json\/wp\/v2\/media?parent=71075"}],"wp:term":[{"taxonomy":"product_brand","embeddable":true,"href":"https:\/\/abinox-chr-clim.com\/index.php\/wp-json\/wp\/v2\/product_brand?post=71075"},{"taxonomy":"product_cat","embeddable":true,"href":"https:\/\/abinox-chr-clim.com\/index.php\/wp-json\/wp\/v2\/product_cat?post=71075"},{"taxonomy":"product_tag","embeddable":true,"href":"https:\/\/abinox-chr-clim.com\/index.php\/wp-json\/wp\/v2\/product_tag?post=71075"}],"curies":[{"name":"wp","href":"https:\/\/api.w.org\/{rel}","templated":true}]}}