{"id":71074,"date":"2024-03-22T19:39:27","date_gmt":"2024-03-22T18:39:27","guid":{"rendered":"https:\/\/abinox-chr-clim.com\/index.php\/product\/elegante-ardoise-de-table-securit-finition-teck-320-x-270mm\/"},"modified":"2026-04-15T09:21:49","modified_gmt":"2026-04-15T07:21:49","slug":"elegante-ardoise-de-table-securit-finition-teck-320-x-270mm","status":"publish","type":"product","link":"https:\/\/abinox-chr-clim.com\/index.php\/product\/elegante-ardoise-de-table-securit-finition-teck-320-x-270mm\/","title":{"rendered":"El\u00e9gante ardoise de table Securit finition teck 320 x 270mm"},"content":{"rendered":"<p>Ces tableaux \u00e9l\u00e9gants, simples mais efficaces, se posent sur la table ou sur le bar afin d&rsquo;afficher le plat du jour ou les offres sp\u00e9ciales. Les supports sont fabriqu\u00e9s en h\u00e9v\u00e9a, finition teck. L&rsquo;ardoise se retire facilement du support pour \u00e9crire des deux c\u00f4t\u00e9s.<br \/>H\u00eatre massif finition couleur teck. Disponible en 210mm (Y869). Ardoise facile \u00e0 enlever de son support pour \u00e9crire des deux c\u00f4t\u00e9s.Id\u00e9al pour une utilisation sur table. Egalement disponible en finition acajou (P487).  H\u00eatre massif finition couleur teck.<\/p>\n<p>Caract\u00e9ristiques :<br \/> Dimensions : 210(H) x 300(L) x 75(P) mm.<br \/> Mati\u00e8re : Polypropyl\u00e8ne.<br \/> Couleur : Bois.<\/p>\n","protected":false},"excerpt":{"rendered":"<p>El\u00e9gante ardoise de table Securit finition teck 320 x 270mm<\/p>\n","protected":false},"featured_media":97901,"comment_status":"closed","ping_status":"closed","template":"","meta":[],"product_brand":[],"product_cat":[1122,1297,1123,1106],"product_tag":[],"class_list":{"0":"post-71074","1":"product","2":"type-product","3":"status-publish","4":"has-post-thumbnail","6":"product_cat-menus-et-signaletique","7":"product_cat-non-palettisable","8":"product_cat-panneaux-et-ardoises","9":"product_cat-restaurant-bar-et-hotel","10":"product_shipping_class-free-shipping","12":"first","13":"instock","14":"featured","15":"taxable","16":"shipping-taxable","17":"purchasable","18":"product-type-simple"},"_links":{"self":[{"href":"https:\/\/abinox-chr-clim.com\/index.php\/wp-json\/wp\/v2\/product\/71074","targetHints":{"allow":["GET"]}}],"collection":[{"href":"https:\/\/abinox-chr-clim.com\/index.php\/wp-json\/wp\/v2\/product"}],"about":[{"href":"https:\/\/abinox-chr-clim.com\/index.php\/wp-json\/wp\/v2\/types\/product"}],"replies":[{"embeddable":true,"href":"https:\/\/abinox-chr-clim.com\/index.php\/wp-json\/wp\/v2\/comments?post=71074"}],"wp:featuredmedia":[{"embeddable":true,"href":"https:\/\/abinox-chr-clim.com\/index.php\/wp-json\/wp\/v2\/media\/97901"}],"wp:attachment":[{"href":"https:\/\/abinox-chr-clim.com\/index.php\/wp-json\/wp\/v2\/media?parent=71074"}],"wp:term":[{"taxonomy":"product_brand","embeddable":true,"href":"https:\/\/abinox-chr-clim.com\/index.php\/wp-json\/wp\/v2\/product_brand?post=71074"},{"taxonomy":"product_cat","embeddable":true,"href":"https:\/\/abinox-chr-clim.com\/index.php\/wp-json\/wp\/v2\/product_cat?post=71074"},{"taxonomy":"product_tag","embeddable":true,"href":"https:\/\/abinox-chr-clim.com\/index.php\/wp-json\/wp\/v2\/product_tag?post=71074"}],"curies":[{"name":"wp","href":"https:\/\/api.w.org\/{rel}","templated":true}]}}