{"id":71068,"date":"2024-03-22T19:39:24","date_gmt":"2024-03-22T18:39:24","guid":{"rendered":"https:\/\/abinox-chr-clim.com\/index.php\/product\/marqueur-craie-securit-15mm-blanc\/"},"modified":"2026-04-15T09:15:19","modified_gmt":"2026-04-15T07:15:19","slug":"marqueur-craie-securit-15mm-blanc","status":"publish","type":"product","link":"https:\/\/abinox-chr-clim.com\/index.php\/product\/marqueur-craie-securit-15mm-blanc\/","title":{"rendered":"Marqueur craie Securit 15mm blanc"},"content":{"rendered":"<p>Se nettoie facilement avec le nettoyant pour tableau Securit (Y994). Id\u00e9al pour les grands messages en gras. Laisser s\u00e9cher compl\u00e8tement avant la mise en place pour de meilleurs r\u00e9sultats. Non waterproof. Apr\u00e8s avoir laiss\u00e9 s\u00e9cher l&rsquo;encre, elle r\u00e9siste \u00e0 une petite pluie tr\u00e8s l\u00e9g\u00e8re, mais pas \u00e0 l&rsquo;eau. .Se nettoie facilement avec le nettoyant pour tableau Securit (Y994).<\/p>\n<p>Caract\u00e9ristiques :<br \/> Dimensions : 155(H) x 27(l) x 27(P) mm.<br \/> Mati\u00e8re : Plastique<\/p>\n","protected":false},"excerpt":{"rendered":"<p>Marqueur craie Securit 15mm blanc<\/p>\n","protected":false},"featured_media":100484,"comment_status":"closed","ping_status":"closed","template":"","meta":[],"product_brand":[],"product_cat":[1122,1297,1123,1106],"product_tag":[],"class_list":{"0":"post-71068","1":"product","2":"type-product","3":"status-publish","4":"has-post-thumbnail","6":"product_cat-menus-et-signaletique","7":"product_cat-non-palettisable","8":"product_cat-panneaux-et-ardoises","9":"product_cat-restaurant-bar-et-hotel","10":"product_shipping_class-free-shipping","12":"first","13":"instock","14":"featured","15":"taxable","16":"shipping-taxable","17":"purchasable","18":"product-type-simple"},"_links":{"self":[{"href":"https:\/\/abinox-chr-clim.com\/index.php\/wp-json\/wp\/v2\/product\/71068","targetHints":{"allow":["GET"]}}],"collection":[{"href":"https:\/\/abinox-chr-clim.com\/index.php\/wp-json\/wp\/v2\/product"}],"about":[{"href":"https:\/\/abinox-chr-clim.com\/index.php\/wp-json\/wp\/v2\/types\/product"}],"replies":[{"embeddable":true,"href":"https:\/\/abinox-chr-clim.com\/index.php\/wp-json\/wp\/v2\/comments?post=71068"}],"wp:featuredmedia":[{"embeddable":true,"href":"https:\/\/abinox-chr-clim.com\/index.php\/wp-json\/wp\/v2\/media\/100484"}],"wp:attachment":[{"href":"https:\/\/abinox-chr-clim.com\/index.php\/wp-json\/wp\/v2\/media?parent=71068"}],"wp:term":[{"taxonomy":"product_brand","embeddable":true,"href":"https:\/\/abinox-chr-clim.com\/index.php\/wp-json\/wp\/v2\/product_brand?post=71068"},{"taxonomy":"product_cat","embeddable":true,"href":"https:\/\/abinox-chr-clim.com\/index.php\/wp-json\/wp\/v2\/product_cat?post=71068"},{"taxonomy":"product_tag","embeddable":true,"href":"https:\/\/abinox-chr-clim.com\/index.php\/wp-json\/wp\/v2\/product_tag?post=71068"}],"curies":[{"name":"wp","href":"https:\/\/api.w.org\/{rel}","templated":true}]}}