{"id":71067,"date":"2024-03-22T19:39:23","date_gmt":"2024-03-22T18:39:23","guid":{"rendered":"https:\/\/abinox-chr-clim.com\/index.php\/product\/marqueur-craie-6mm-securit-blanc\/"},"modified":"2026-04-15T09:15:17","modified_gmt":"2026-04-15T07:15:17","slug":"marqueur-craie-6mm-securit-blanc","status":"publish","type":"product","link":"https:\/\/abinox-chr-clim.com\/index.php\/product\/marqueur-craie-6mm-securit-blanc\/","title":{"rendered":"Marqueur craie 6mm Securit blanc"},"content":{"rendered":"<p>Marqueurs \u00e0 utiliser avec tous les tableaux des pages pr\u00e9c\u00e9dentes, sans bavure une fois sec, qui s&rsquo;effacent facilement \u00e0 l&rsquo;aide d&rsquo;un chiffon humide. Taille de la pointe : 2 x 6 mm.<br \/>Se nettoie facilement avec le nettoyant tableau Securit (Y994). Craie sans poussi\u00e8re. Diff\u00e9rentes couleurs disponibles. Laisser s\u00e9cher compl\u00e8tement avant la mise en place pour de meilleurs r\u00e9sultats. Bouchon \u00e0 clip pratique et s\u00e9curis\u00e9. Non waterproof. Apr\u00e8s avoir laiss\u00e9 s\u00e9cher l&rsquo;encre, elle r\u00e9siste \u00e0 une petite pluie tr\u00e8s l\u00e9g\u00e8re, mais pas \u00e0 l&rsquo;eau. Se nettoie facilement avec le nettoyant tableau Securit (Y994).<\/p>\n<p>Caract\u00e9ristiques :<br \/> Dimensions : 145(H) x 22(L) x 18(P) mm.<br \/> Mati\u00e8re : Plastique.<br \/> Couleur : Blanc.<\/p>\n","protected":false},"excerpt":{"rendered":"<p>Marqueur craie 6mm Securit blanc<\/p>\n","protected":false},"featured_media":100481,"comment_status":"closed","ping_status":"closed","template":"","meta":[],"product_brand":[],"product_cat":[1122,1297,1123,1106],"product_tag":[],"class_list":{"0":"post-71067","1":"product","2":"type-product","3":"status-publish","4":"has-post-thumbnail","6":"product_cat-menus-et-signaletique","7":"product_cat-non-palettisable","8":"product_cat-panneaux-et-ardoises","9":"product_cat-restaurant-bar-et-hotel","10":"product_shipping_class-free-shipping","12":"first","13":"instock","14":"featured","15":"taxable","16":"shipping-taxable","17":"purchasable","18":"product-type-simple"},"_links":{"self":[{"href":"https:\/\/abinox-chr-clim.com\/index.php\/wp-json\/wp\/v2\/product\/71067","targetHints":{"allow":["GET"]}}],"collection":[{"href":"https:\/\/abinox-chr-clim.com\/index.php\/wp-json\/wp\/v2\/product"}],"about":[{"href":"https:\/\/abinox-chr-clim.com\/index.php\/wp-json\/wp\/v2\/types\/product"}],"replies":[{"embeddable":true,"href":"https:\/\/abinox-chr-clim.com\/index.php\/wp-json\/wp\/v2\/comments?post=71067"}],"wp:featuredmedia":[{"embeddable":true,"href":"https:\/\/abinox-chr-clim.com\/index.php\/wp-json\/wp\/v2\/media\/100481"}],"wp:attachment":[{"href":"https:\/\/abinox-chr-clim.com\/index.php\/wp-json\/wp\/v2\/media?parent=71067"}],"wp:term":[{"taxonomy":"product_brand","embeddable":true,"href":"https:\/\/abinox-chr-clim.com\/index.php\/wp-json\/wp\/v2\/product_brand?post=71067"},{"taxonomy":"product_cat","embeddable":true,"href":"https:\/\/abinox-chr-clim.com\/index.php\/wp-json\/wp\/v2\/product_cat?post=71067"},{"taxonomy":"product_tag","embeddable":true,"href":"https:\/\/abinox-chr-clim.com\/index.php\/wp-json\/wp\/v2\/product_tag?post=71067"}],"curies":[{"name":"wp","href":"https:\/\/api.w.org\/{rel}","templated":true}]}}