{"id":71065,"date":"2024-03-22T19:39:22","date_gmt":"2024-03-22T18:39:22","guid":{"rendered":"https:\/\/abinox-chr-clim.com\/index.php\/product\/ardoise-de-table-securit-finition-acajou-320-x-270mm\/"},"modified":"2026-04-15T09:14:58","modified_gmt":"2026-04-15T07:14:58","slug":"ardoise-de-table-securit-finition-acajou-320-x-270mm","status":"publish","type":"product","link":"https:\/\/abinox-chr-clim.com\/index.php\/product\/ardoise-de-table-securit-finition-acajou-320-x-270mm\/","title":{"rendered":"Ardoise de table Securit finition acajou 320 x 270mm"},"content":{"rendered":"<p>Ces tableaux \u00e9l\u00e9gants, simples mais efficaces, se posent sur la table ou sur le bar et sont id\u00e9aux pour afficher les sp\u00e9cialit\u00e9s. Supports en h\u00eatre avec une finition couleur acajou. L&rsquo;ardoise se retire facilement du support pour \u00e9crire des deux c\u00f4t\u00e9s.<br \/>Bois de h\u00eatre massif avec une finition couleur acajou. Disponible en format 155mm (P485) et 210mm (P486). Les ardoises s&rsquo;enl\u00e8vent facilement de leur support pour \u00e9crire des deux c\u00f4t\u00e9s. Parfaite pour une utilisation sur table. Dimensions totales 270 x 320mm.  Bois de h\u00eatre massif avec une finition couleur acajou.<\/p>\n<p>Caract\u00e9ristiques :<br \/> Dimensions : 320(H) x 270(L) mm.<br \/> Mati\u00e8re : Polypropyl\u00e8ne.<br \/> Couleur : Acajou.<\/p>\n","protected":false},"excerpt":{"rendered":"<p>Ardoise de table Securit finition acajou 320 x 270mm<\/p>\n","protected":false},"featured_media":100390,"comment_status":"closed","ping_status":"closed","template":"","meta":[],"product_brand":[],"product_cat":[1122,1297,1123,1106],"product_tag":[],"class_list":{"0":"post-71065","1":"product","2":"type-product","3":"status-publish","4":"has-post-thumbnail","6":"product_cat-menus-et-signaletique","7":"product_cat-non-palettisable","8":"product_cat-panneaux-et-ardoises","9":"product_cat-restaurant-bar-et-hotel","10":"product_shipping_class-free-shipping","12":"first","13":"instock","14":"featured","15":"taxable","16":"shipping-taxable","17":"purchasable","18":"product-type-simple"},"_links":{"self":[{"href":"https:\/\/abinox-chr-clim.com\/index.php\/wp-json\/wp\/v2\/product\/71065","targetHints":{"allow":["GET"]}}],"collection":[{"href":"https:\/\/abinox-chr-clim.com\/index.php\/wp-json\/wp\/v2\/product"}],"about":[{"href":"https:\/\/abinox-chr-clim.com\/index.php\/wp-json\/wp\/v2\/types\/product"}],"replies":[{"embeddable":true,"href":"https:\/\/abinox-chr-clim.com\/index.php\/wp-json\/wp\/v2\/comments?post=71065"}],"wp:featuredmedia":[{"embeddable":true,"href":"https:\/\/abinox-chr-clim.com\/index.php\/wp-json\/wp\/v2\/media\/100390"}],"wp:attachment":[{"href":"https:\/\/abinox-chr-clim.com\/index.php\/wp-json\/wp\/v2\/media?parent=71065"}],"wp:term":[{"taxonomy":"product_brand","embeddable":true,"href":"https:\/\/abinox-chr-clim.com\/index.php\/wp-json\/wp\/v2\/product_brand?post=71065"},{"taxonomy":"product_cat","embeddable":true,"href":"https:\/\/abinox-chr-clim.com\/index.php\/wp-json\/wp\/v2\/product_cat?post=71065"},{"taxonomy":"product_tag","embeddable":true,"href":"https:\/\/abinox-chr-clim.com\/index.php\/wp-json\/wp\/v2\/product_tag?post=71065"}],"curies":[{"name":"wp","href":"https:\/\/api.w.org\/{rel}","templated":true}]}}