{"id":71062,"date":"2024-03-22T19:39:21","date_gmt":"2024-03-22T18:39:21","guid":{"rendered":"https:\/\/abinox-chr-clim.com\/index.php\/product\/mini-pancarte-olympia\/"},"modified":"2025-08-26T12:56:40","modified_gmt":"2025-08-26T10:56:40","slug":"mini-pancarte-olympia","status":"publish","type":"product","link":"https:\/\/abinox-chr-clim.com\/index.php\/product\/mini-pancarte-olympia\/","title":{"rendered":"Mini pancarte Olympia"},"content":{"rendered":"<p>Etiquettez facilement les produits de boulangerie et les aliments de buffet. Une alternative \u00e9cologique aux \u00e9tiquettes en carton. Un look personnel pour ajouter \u00e0 votre d\u00e9cor excentrique. Mont\u00e9 sur tige pour une meilleure visibilit\u00e9. Facile \u00e0 nettoyer avec le nettoyant pour tableau noir Security (Y994).  Etiquettez facilement les produits de boulangerie et les aliments de buffet.<\/p>\n<p>Caract\u00e9ristiques :<br \/> Dimensions : 220(H) x 90(l) mm.<br \/> Mati\u00e8re : Bois<\/p>\n","protected":false},"excerpt":{"rendered":"<p>Mini pancarte Olympia<\/p>\n","protected":false},"featured_media":102034,"comment_status":"closed","ping_status":"closed","template":"","meta":[],"product_brand":[],"product_cat":[1122,1297,1123,1106],"product_tag":[],"class_list":{"0":"post-71062","1":"product","2":"type-product","3":"status-publish","4":"has-post-thumbnail","6":"product_cat-menus-et-signaletique","7":"product_cat-non-palettisable","8":"product_cat-panneaux-et-ardoises","9":"product_cat-restaurant-bar-et-hotel","10":"product_shipping_class-free-shipping","12":"first","13":"outofstock","14":"featured","15":"taxable","16":"shipping-taxable","17":"purchasable","18":"product-type-simple"},"_links":{"self":[{"href":"https:\/\/abinox-chr-clim.com\/index.php\/wp-json\/wp\/v2\/product\/71062","targetHints":{"allow":["GET"]}}],"collection":[{"href":"https:\/\/abinox-chr-clim.com\/index.php\/wp-json\/wp\/v2\/product"}],"about":[{"href":"https:\/\/abinox-chr-clim.com\/index.php\/wp-json\/wp\/v2\/types\/product"}],"replies":[{"embeddable":true,"href":"https:\/\/abinox-chr-clim.com\/index.php\/wp-json\/wp\/v2\/comments?post=71062"}],"wp:featuredmedia":[{"embeddable":true,"href":"https:\/\/abinox-chr-clim.com\/index.php\/wp-json\/wp\/v2\/media\/102034"}],"wp:attachment":[{"href":"https:\/\/abinox-chr-clim.com\/index.php\/wp-json\/wp\/v2\/media?parent=71062"}],"wp:term":[{"taxonomy":"product_brand","embeddable":true,"href":"https:\/\/abinox-chr-clim.com\/index.php\/wp-json\/wp\/v2\/product_brand?post=71062"},{"taxonomy":"product_cat","embeddable":true,"href":"https:\/\/abinox-chr-clim.com\/index.php\/wp-json\/wp\/v2\/product_cat?post=71062"},{"taxonomy":"product_tag","embeddable":true,"href":"https:\/\/abinox-chr-clim.com\/index.php\/wp-json\/wp\/v2\/product_tag?post=71062"}],"curies":[{"name":"wp","href":"https:\/\/api.w.org\/{rel}","templated":true}]}}