{"id":71061,"date":"2024-03-22T19:39:21","date_gmt":"2024-03-22T18:39:21","guid":{"rendered":"https:\/\/abinox-chr-clim.com\/index.php\/product\/feutres-craie-liquide-blancs-2mm-securit-lot-de-4\/"},"modified":"2026-04-15T09:36:29","modified_gmt":"2026-04-15T07:36:29","slug":"feutres-craie-liquide-blancs-2mm-securit-lot-de-4","status":"publish","type":"product","link":"https:\/\/abinox-chr-clim.com\/index.php\/product\/feutres-craie-liquide-blancs-2mm-securit-lot-de-4\/","title":{"rendered":"Feutres craie liquide blancs 2mm Securit (lot de 4)"},"content":{"rendered":"<p>Feutres pour une utilisation sur les ardoises murales ou de tables, panneaux d&rsquo;affichage. S&rsquo;essuient avec un chiffon humide. Dimensions de la pointe : 1 x 2mm.<br \/>Non waterproof. Apr\u00e8s avoir laiss\u00e9 s\u00e9cher l&rsquo;encre, elle r\u00e9siste \u00e0 une petite pluie tr\u00e8s l\u00e9g\u00e8re, mais pas \u00e0 l&rsquo;eau.Pointe ronde. S&rsquo;essuie avec un chiffon humide. Parfait pour les t\u00e2ches de pr\u00e9cisions. Se nettoie facilement avec le nettoyant tableau Securit (Y994).  Non waterproof. Apr\u00e8s avoir laiss\u00e9 s\u00e9cher l&rsquo;encre, elle r\u00e9siste \u00e0 une petite pluie tr\u00e8s l\u00e9g\u00e8re, mais pas \u00e0 l&rsquo;eau. .<br \/> Caract\u00e9ristiques :<br \/>Lot : 4.<br \/> Dimensions : 1 x 2mm.<br \/> Mati\u00e8re : Plastique.<br \/> Couleur : Blanc.<\/p>\n","protected":false},"excerpt":{"rendered":"<p>Feutres craie liquide blancs 2mm Securit (lot de 4)<\/p>\n","protected":false},"featured_media":101921,"comment_status":"closed","ping_status":"closed","template":"","meta":[],"product_brand":[],"product_cat":[1122,1297,1123,1106],"product_tag":[],"class_list":{"0":"post-71061","1":"product","2":"type-product","3":"status-publish","4":"has-post-thumbnail","6":"product_cat-menus-et-signaletique","7":"product_cat-non-palettisable","8":"product_cat-panneaux-et-ardoises","9":"product_cat-restaurant-bar-et-hotel","10":"product_shipping_class-free-shipping","12":"first","13":"outofstock","14":"featured","15":"taxable","16":"shipping-taxable","17":"purchasable","18":"product-type-simple"},"_links":{"self":[{"href":"https:\/\/abinox-chr-clim.com\/index.php\/wp-json\/wp\/v2\/product\/71061","targetHints":{"allow":["GET"]}}],"collection":[{"href":"https:\/\/abinox-chr-clim.com\/index.php\/wp-json\/wp\/v2\/product"}],"about":[{"href":"https:\/\/abinox-chr-clim.com\/index.php\/wp-json\/wp\/v2\/types\/product"}],"replies":[{"embeddable":true,"href":"https:\/\/abinox-chr-clim.com\/index.php\/wp-json\/wp\/v2\/comments?post=71061"}],"wp:featuredmedia":[{"embeddable":true,"href":"https:\/\/abinox-chr-clim.com\/index.php\/wp-json\/wp\/v2\/media\/101921"}],"wp:attachment":[{"href":"https:\/\/abinox-chr-clim.com\/index.php\/wp-json\/wp\/v2\/media?parent=71061"}],"wp:term":[{"taxonomy":"product_brand","embeddable":true,"href":"https:\/\/abinox-chr-clim.com\/index.php\/wp-json\/wp\/v2\/product_brand?post=71061"},{"taxonomy":"product_cat","embeddable":true,"href":"https:\/\/abinox-chr-clim.com\/index.php\/wp-json\/wp\/v2\/product_cat?post=71061"},{"taxonomy":"product_tag","embeddable":true,"href":"https:\/\/abinox-chr-clim.com\/index.php\/wp-json\/wp\/v2\/product_tag?post=71061"}],"curies":[{"name":"wp","href":"https:\/\/api.w.org\/{rel}","templated":true}]}}