{"id":71055,"date":"2024-03-22T19:39:19","date_gmt":"2024-03-22T18:39:19","guid":{"rendered":"https:\/\/abinox-chr-clim.com\/index.php\/product\/ardoise-de-table-olympia-315-x-212mm\/"},"modified":"2026-04-15T09:01:20","modified_gmt":"2026-04-15T07:01:20","slug":"ardoise-de-table-olympia-315-x-212mm","status":"publish","type":"product","link":"https:\/\/abinox-chr-clim.com\/index.php\/product\/ardoise-de-table-olympia-315-x-212mm\/","title":{"rendered":"Ardoise de table Olympia 315 x 212mm"},"content":{"rendered":"<p>Base en pin. Ardoise de m\u00e9lamine durable et r\u00e9sistante \u00e0 la casse. Disponible dans des hauteurs de 225 mm ou 315 mm. Poign\u00e9e int\u00e9gr\u00e9e pour un transport facile. Se nettoie facilement avec le solvant Securit (Y994).  Base en pin.<\/p>\n<p>Caract\u00e9ristiques :<br \/> Dimensions : 315(H) x 212(L) x 52(P)mm.<br \/> Mati\u00e8re : Bois<\/p>\n","protected":false},"excerpt":{"rendered":"<p>Ardoise de table Olympia 315 x 212mm<\/p>\n","protected":false},"featured_media":101566,"comment_status":"closed","ping_status":"closed","template":"","meta":[],"product_brand":[],"product_cat":[1122,1297,1123,1106],"product_tag":[],"class_list":{"0":"post-71055","1":"product","2":"type-product","3":"status-publish","4":"has-post-thumbnail","6":"product_cat-menus-et-signaletique","7":"product_cat-non-palettisable","8":"product_cat-panneaux-et-ardoises","9":"product_cat-restaurant-bar-et-hotel","10":"product_shipping_class-free-shipping","12":"first","13":"instock","14":"featured","15":"taxable","16":"shipping-taxable","17":"purchasable","18":"product-type-simple"},"_links":{"self":[{"href":"https:\/\/abinox-chr-clim.com\/index.php\/wp-json\/wp\/v2\/product\/71055","targetHints":{"allow":["GET"]}}],"collection":[{"href":"https:\/\/abinox-chr-clim.com\/index.php\/wp-json\/wp\/v2\/product"}],"about":[{"href":"https:\/\/abinox-chr-clim.com\/index.php\/wp-json\/wp\/v2\/types\/product"}],"replies":[{"embeddable":true,"href":"https:\/\/abinox-chr-clim.com\/index.php\/wp-json\/wp\/v2\/comments?post=71055"}],"wp:featuredmedia":[{"embeddable":true,"href":"https:\/\/abinox-chr-clim.com\/index.php\/wp-json\/wp\/v2\/media\/101566"}],"wp:attachment":[{"href":"https:\/\/abinox-chr-clim.com\/index.php\/wp-json\/wp\/v2\/media?parent=71055"}],"wp:term":[{"taxonomy":"product_brand","embeddable":true,"href":"https:\/\/abinox-chr-clim.com\/index.php\/wp-json\/wp\/v2\/product_brand?post=71055"},{"taxonomy":"product_cat","embeddable":true,"href":"https:\/\/abinox-chr-clim.com\/index.php\/wp-json\/wp\/v2\/product_cat?post=71055"},{"taxonomy":"product_tag","embeddable":true,"href":"https:\/\/abinox-chr-clim.com\/index.php\/wp-json\/wp\/v2\/product_tag?post=71055"}],"curies":[{"name":"wp","href":"https:\/\/api.w.org\/{rel}","templated":true}]}}