{"id":71052,"date":"2024-03-22T19:39:18","date_gmt":"2024-03-22T18:39:18","guid":{"rendered":"https:\/\/abinox-chr-clim.com\/index.php\/product\/panneau-de-trottoir-olympia-cadre-en-bois-850-x-500mm\/"},"modified":"2026-04-15T09:01:17","modified_gmt":"2026-04-15T07:01:17","slug":"panneau-de-trottoir-olympia-cadre-en-bois-850-x-500mm","status":"publish","type":"product","link":"https:\/\/abinox-chr-clim.com\/index.php\/product\/panneau-de-trottoir-olympia-cadre-en-bois-850-x-500mm\/","title":{"rendered":"Panneau de trottoir Olympia cadre en bois 850 x 500mm"},"content":{"rendered":"<p>Panneaux de trottoir avec cadre en bois r\u00e9sistant et ardoise en m\u00e9lamine facile \u00e0 nettoyer. Parfaits pour les pubs, caf\u00e9s, terrasses ext\u00e9rieures et pour afficher les plats du jour ou promotions.<br \/>La cha\u00eene permet un positionnement optimal et une plus grande stabilit\u00e9. Se nettoie facilement avec le nettoyant pour tableau noir Securit (Y994). Pieds en caoutchouc pour prot\u00e9ger de l&rsquo;eau et am\u00e9liorer la stabilit\u00e9. La conception pliable permet un stockage peu encombrant. La base en m\u00e9lamine r\u00e9sistante permet une utilisation durable. Le cadre enti\u00e8rement verni et imperm\u00e9able r\u00e9siste aux intemp\u00e9ries. Poids : 3,6kg.La cha\u00eene permet un positionnement optimal et une plus grande stabilit\u00e9.<\/p>\n<p>Caract\u00e9ristiques :<br \/> Dimensions : 500(H) x 850(L) mm.<br \/> Mati\u00e8re : Bois<\/p>\n","protected":false},"excerpt":{"rendered":"<p>Panneau de trottoir Olympia cadre en bois 850 x 500mm<\/p>\n","protected":false},"featured_media":101563,"comment_status":"closed","ping_status":"closed","template":"","meta":[],"product_brand":[],"product_cat":[1122,1297,1123,1106],"product_tag":[],"class_list":{"0":"post-71052","1":"product","2":"type-product","3":"status-publish","4":"has-post-thumbnail","6":"product_cat-menus-et-signaletique","7":"product_cat-non-palettisable","8":"product_cat-panneaux-et-ardoises","9":"product_cat-restaurant-bar-et-hotel","10":"product_shipping_class-free-shipping","12":"first","13":"instock","14":"featured","15":"taxable","16":"shipping-taxable","17":"purchasable","18":"product-type-simple"},"_links":{"self":[{"href":"https:\/\/abinox-chr-clim.com\/index.php\/wp-json\/wp\/v2\/product\/71052","targetHints":{"allow":["GET"]}}],"collection":[{"href":"https:\/\/abinox-chr-clim.com\/index.php\/wp-json\/wp\/v2\/product"}],"about":[{"href":"https:\/\/abinox-chr-clim.com\/index.php\/wp-json\/wp\/v2\/types\/product"}],"replies":[{"embeddable":true,"href":"https:\/\/abinox-chr-clim.com\/index.php\/wp-json\/wp\/v2\/comments?post=71052"}],"wp:featuredmedia":[{"embeddable":true,"href":"https:\/\/abinox-chr-clim.com\/index.php\/wp-json\/wp\/v2\/media\/101563"}],"wp:attachment":[{"href":"https:\/\/abinox-chr-clim.com\/index.php\/wp-json\/wp\/v2\/media?parent=71052"}],"wp:term":[{"taxonomy":"product_brand","embeddable":true,"href":"https:\/\/abinox-chr-clim.com\/index.php\/wp-json\/wp\/v2\/product_brand?post=71052"},{"taxonomy":"product_cat","embeddable":true,"href":"https:\/\/abinox-chr-clim.com\/index.php\/wp-json\/wp\/v2\/product_cat?post=71052"},{"taxonomy":"product_tag","embeddable":true,"href":"https:\/\/abinox-chr-clim.com\/index.php\/wp-json\/wp\/v2\/product_tag?post=71052"}],"curies":[{"name":"wp","href":"https:\/\/api.w.org\/{rel}","templated":true}]}}