{"id":71051,"date":"2024-03-22T19:39:17","date_gmt":"2024-03-22T18:39:17","guid":{"rendered":"https:\/\/abinox-chr-clim.com\/index.php\/product\/tableau-noir-olympia\/"},"modified":"2026-04-15T09:01:16","modified_gmt":"2026-04-15T07:01:16","slug":"tableau-noir-olympia","status":"publish","type":"product","link":"https:\/\/abinox-chr-clim.com\/index.php\/product\/tableau-noir-olympia\/","title":{"rendered":"Tableau noir Olympia"},"content":{"rendered":"<p>Surface essuyable pouvant \u00eatre facilement nettoy\u00e9e avec le nettoyant pour tableau noir Security (Y994). Grande taille de 600 x 800 mm pour accueillir beaucoup d&rsquo;informations. Tableau en m\u00e9lamine. Cadre en pin pour un look traditionnel. Oeillets int\u00e9gr\u00e9s pour une suspension facile. Le tableau en m\u00e9lamine est tr\u00e8s durable, r\u00e9sistant aux rayures et facile \u00e0 nettoyer.  Surface essuyable pouvant \u00eatre facilement nettoy\u00e9e avec le nettoyant pour tableau noir Security (Y994).<\/p>\n<p>Caract\u00e9ristiques :<br \/> Dimensions : 600(H) x 800(l) mm.<br \/> Mati\u00e8re : Bois<\/p>\n","protected":false},"excerpt":{"rendered":"<p>Tableau noir Olympia<\/p>\n","protected":false},"featured_media":101562,"comment_status":"closed","ping_status":"closed","template":"","meta":[],"product_brand":[],"product_cat":[1122,1297,1123,1106],"product_tag":[],"class_list":{"0":"post-71051","1":"product","2":"type-product","3":"status-publish","4":"has-post-thumbnail","6":"product_cat-menus-et-signaletique","7":"product_cat-non-palettisable","8":"product_cat-panneaux-et-ardoises","9":"product_cat-restaurant-bar-et-hotel","10":"product_shipping_class-free-shipping","12":"first","13":"instock","14":"featured","15":"taxable","16":"shipping-taxable","17":"purchasable","18":"product-type-simple"},"_links":{"self":[{"href":"https:\/\/abinox-chr-clim.com\/index.php\/wp-json\/wp\/v2\/product\/71051","targetHints":{"allow":["GET"]}}],"collection":[{"href":"https:\/\/abinox-chr-clim.com\/index.php\/wp-json\/wp\/v2\/product"}],"about":[{"href":"https:\/\/abinox-chr-clim.com\/index.php\/wp-json\/wp\/v2\/types\/product"}],"replies":[{"embeddable":true,"href":"https:\/\/abinox-chr-clim.com\/index.php\/wp-json\/wp\/v2\/comments?post=71051"}],"wp:featuredmedia":[{"embeddable":true,"href":"https:\/\/abinox-chr-clim.com\/index.php\/wp-json\/wp\/v2\/media\/101562"}],"wp:attachment":[{"href":"https:\/\/abinox-chr-clim.com\/index.php\/wp-json\/wp\/v2\/media?parent=71051"}],"wp:term":[{"taxonomy":"product_brand","embeddable":true,"href":"https:\/\/abinox-chr-clim.com\/index.php\/wp-json\/wp\/v2\/product_brand?post=71051"},{"taxonomy":"product_cat","embeddable":true,"href":"https:\/\/abinox-chr-clim.com\/index.php\/wp-json\/wp\/v2\/product_cat?post=71051"},{"taxonomy":"product_tag","embeddable":true,"href":"https:\/\/abinox-chr-clim.com\/index.php\/wp-json\/wp\/v2\/product_tag?post=71051"}],"curies":[{"name":"wp","href":"https:\/\/api.w.org\/{rel}","templated":true}]}}