{"id":71049,"date":"2024-03-22T19:39:17","date_gmt":"2024-03-22T18:39:17","guid":{"rendered":"https:\/\/abinox-chr-clim.com\/index.php\/product\/lot-de-8-marqueurs-effacables-illumigraph-securit\/"},"modified":"2026-04-15T08:59:51","modified_gmt":"2026-04-15T06:59:51","slug":"lot-de-8-marqueurs-effacables-illumigraph-securit","status":"publish","type":"product","link":"https:\/\/abinox-chr-clim.com\/index.php\/product\/lot-de-8-marqueurs-effacables-illumigraph-securit\/","title":{"rendered":"Lot de 8 marqueurs effa\u00e7ables Illumigraph Securit"},"content":{"rendered":"<p>Marqueurs \u00e0 utiliser avec tous les tableaux des pages pr\u00e9c\u00e9dentes, sans bavure une fois sec, qui s&rsquo;effacent facilement \u00e0 l&rsquo;aide d&rsquo;un chiffon humide. Taille de la pointe : 2 x 6 mm.<br \/>. Non waterproof. Apr\u00e8s avoir laiss\u00e9 s\u00e9cher l&rsquo;encre, elle r\u00e9siste \u00e0 une petite pluie tr\u00e8s l\u00e9g\u00e8re, mais pas \u00e0 l&rsquo;eau.Se nettoie facilement avec le nettoyant pour tableau Securit (code produit : Y994). Utiliser sur toutes les surfaces non poreuses, nettoyer avec une \u00e9ponge et de l&rsquo;eau. Pointe biseaut\u00e9e. Bouchon \u00e0 clip pratique et s\u00e9curis\u00e9. Craie liquide, sans poussi\u00e8re. .<br \/> Caract\u00e9ristiques :<br \/>Lot : 8.<br \/> Dimensions : 230(H) x 165(L) x 33(P) mm.<br \/> Mati\u00e8re : Plastique.<br \/> Couleur : Blanc.<\/p>\n","protected":false},"excerpt":{"rendered":"<p>Lot de 8 marqueurs effa\u00e7ables Illumigraph Securit<\/p>\n","protected":false},"featured_media":101451,"comment_status":"closed","ping_status":"closed","template":"","meta":[],"product_brand":[],"product_cat":[1122,1297,1123,1106],"product_tag":[],"class_list":{"0":"post-71049","1":"product","2":"type-product","3":"status-publish","4":"has-post-thumbnail","6":"product_cat-menus-et-signaletique","7":"product_cat-non-palettisable","8":"product_cat-panneaux-et-ardoises","9":"product_cat-restaurant-bar-et-hotel","10":"product_shipping_class-free-shipping","12":"first","13":"instock","14":"featured","15":"taxable","16":"shipping-taxable","17":"purchasable","18":"product-type-simple"},"_links":{"self":[{"href":"https:\/\/abinox-chr-clim.com\/index.php\/wp-json\/wp\/v2\/product\/71049","targetHints":{"allow":["GET"]}}],"collection":[{"href":"https:\/\/abinox-chr-clim.com\/index.php\/wp-json\/wp\/v2\/product"}],"about":[{"href":"https:\/\/abinox-chr-clim.com\/index.php\/wp-json\/wp\/v2\/types\/product"}],"replies":[{"embeddable":true,"href":"https:\/\/abinox-chr-clim.com\/index.php\/wp-json\/wp\/v2\/comments?post=71049"}],"wp:featuredmedia":[{"embeddable":true,"href":"https:\/\/abinox-chr-clim.com\/index.php\/wp-json\/wp\/v2\/media\/101451"}],"wp:attachment":[{"href":"https:\/\/abinox-chr-clim.com\/index.php\/wp-json\/wp\/v2\/media?parent=71049"}],"wp:term":[{"taxonomy":"product_brand","embeddable":true,"href":"https:\/\/abinox-chr-clim.com\/index.php\/wp-json\/wp\/v2\/product_brand?post=71049"},{"taxonomy":"product_cat","embeddable":true,"href":"https:\/\/abinox-chr-clim.com\/index.php\/wp-json\/wp\/v2\/product_cat?post=71049"},{"taxonomy":"product_tag","embeddable":true,"href":"https:\/\/abinox-chr-clim.com\/index.php\/wp-json\/wp\/v2\/product_tag?post=71049"}],"curies":[{"name":"wp","href":"https:\/\/api.w.org\/{rel}","templated":true}]}}