{"id":71033,"date":"2024-03-22T19:39:09","date_gmt":"2024-03-22T18:39:09","guid":{"rendered":"https:\/\/abinox-chr-clim.com\/index.php\/product\/panneau-de-trottoir-avec-cadre-en-bois-noir-olympia-700x1200mm\/"},"modified":"2026-04-15T10:24:42","modified_gmt":"2026-04-15T08:24:42","slug":"panneau-de-trottoir-avec-cadre-en-bois-noir-olympia-700x1200mm","status":"publish","type":"product","link":"https:\/\/abinox-chr-clim.com\/index.php\/product\/panneau-de-trottoir-avec-cadre-en-bois-noir-olympia-700x1200mm\/","title":{"rendered":"Panneau de trottoir avec cadre en bois noir Olympia 700x1200mm"},"content":{"rendered":"<p>Avec une conception en A double face, le panneau de trottoir Olympia est id\u00e9al pour afficher des menus, des offres sp\u00e9ciales ou des \u00e9v\u00e9nements.<br \/>Dimensions d\u00e9pli\u00e9\u00a0: 1175(H) x 700(L) x 725(P) mm. Structure en MDF et pin. Poids 8,51kg. Design robuste. Se replie pour faciliter le transport et le rangement. Peut \u00eatre utilis\u00e9 \u00e0 l&rsquo;int\u00e9rieur et \u00e0 l&rsquo;ext\u00e9rieur. Se nettoie facilement avec le nettoyant pour tableau Securit (Y994). Craies et solution de nettoyage vendues s\u00e9par\u00e9ment. Dimension pli\u00e9 60(H) x 1219(L) x 700(P) mm. Dimensions d\u00e9pli\u00e9\u00a0: 1175(H) x 700(L) x 725(P) mm.<\/p>\n<p>Caract\u00e9ristiques :<br \/> Dimensions : 1219(H) x 725(L) mm.<br \/> Mati\u00e8re : .<br \/> Couleur : Noir.<\/p>\n","protected":false},"excerpt":{"rendered":"<p>Panneau de trottoir avec cadre en bois noir Olympia 700x1200mm<\/p>\n","protected":false},"featured_media":87098,"comment_status":"closed","ping_status":"closed","template":"","meta":[],"product_brand":[],"product_cat":[1122,1297,1106],"product_tag":[],"class_list":{"0":"post-71033","1":"product","2":"type-product","3":"status-publish","4":"has-post-thumbnail","6":"product_cat-menus-et-signaletique","7":"product_cat-non-palettisable","8":"product_cat-restaurant-bar-et-hotel","9":"product_shipping_class-free-shipping","11":"first","12":"instock","13":"featured","14":"taxable","15":"shipping-taxable","16":"purchasable","17":"product-type-simple"},"_links":{"self":[{"href":"https:\/\/abinox-chr-clim.com\/index.php\/wp-json\/wp\/v2\/product\/71033","targetHints":{"allow":["GET"]}}],"collection":[{"href":"https:\/\/abinox-chr-clim.com\/index.php\/wp-json\/wp\/v2\/product"}],"about":[{"href":"https:\/\/abinox-chr-clim.com\/index.php\/wp-json\/wp\/v2\/types\/product"}],"replies":[{"embeddable":true,"href":"https:\/\/abinox-chr-clim.com\/index.php\/wp-json\/wp\/v2\/comments?post=71033"}],"wp:featuredmedia":[{"embeddable":true,"href":"https:\/\/abinox-chr-clim.com\/index.php\/wp-json\/wp\/v2\/media\/87098"}],"wp:attachment":[{"href":"https:\/\/abinox-chr-clim.com\/index.php\/wp-json\/wp\/v2\/media?parent=71033"}],"wp:term":[{"taxonomy":"product_brand","embeddable":true,"href":"https:\/\/abinox-chr-clim.com\/index.php\/wp-json\/wp\/v2\/product_brand?post=71033"},{"taxonomy":"product_cat","embeddable":true,"href":"https:\/\/abinox-chr-clim.com\/index.php\/wp-json\/wp\/v2\/product_cat?post=71033"},{"taxonomy":"product_tag","embeddable":true,"href":"https:\/\/abinox-chr-clim.com\/index.php\/wp-json\/wp\/v2\/product_tag?post=71033"}],"curies":[{"name":"wp","href":"https:\/\/api.w.org\/{rel}","templated":true}]}}