{"id":71030,"date":"2024-03-22T19:39:08","date_gmt":"2024-03-22T18:39:08","guid":{"rendered":"https:\/\/abinox-chr-clim.com\/index.php\/product\/ardoise-murale-avec-cadre-en-bois-noir-olympia-450x600mm\/"},"modified":"2026-04-15T10:24:39","modified_gmt":"2026-04-15T08:24:39","slug":"ardoise-murale-avec-cadre-en-bois-noir-olympia-450x600mm","status":"publish","type":"product","link":"https:\/\/abinox-chr-clim.com\/index.php\/product\/ardoise-murale-avec-cadre-en-bois-noir-olympia-450x600mm\/","title":{"rendered":"Ardoise murale avec cadre en bois noir Olympia 450x600mm"},"content":{"rendered":"<p>Id\u00e9ales pour afficher des menus, des offres sp\u00e9ciales ou des \u00e9v\u00e9nements, les ardoises murales Olympia conviennent \u00e0 une utilisation en int\u00e9rieur comme en ext\u00e9rieur.<br \/>. Structure en MDF et pin. Poids 1,04 kg. Conception robuste. Id\u00e9al pour un marketing efficace et rentable. Peut \u00eatre utilis\u00e9 \u00e0 l&rsquo;int\u00e9rieur et \u00e0 l&rsquo;ext\u00e9rieur. Se nettoie facilement avec le nettoyant pour tableau Securit (Y994). Craies et solution de nettoyage vendues s\u00e9par\u00e9ment. .<br \/> Caract\u00e9ristiques :<br \/> Dimensions : 600(H) x 451(L) mm.<br \/> Mati\u00e8re : .<br \/> Couleur : Noir.<\/p>\n","protected":false},"excerpt":{"rendered":"<p>Ardoise murale avec cadre en bois noir Olympia 450x600mm<\/p>\n","protected":false},"featured_media":87078,"comment_status":"closed","ping_status":"closed","template":"","meta":[],"product_brand":[],"product_cat":[1122,1297,1106],"product_tag":[],"class_list":{"0":"post-71030","1":"product","2":"type-product","3":"status-publish","4":"has-post-thumbnail","6":"product_cat-menus-et-signaletique","7":"product_cat-non-palettisable","8":"product_cat-restaurant-bar-et-hotel","9":"product_shipping_class-free-shipping","11":"first","12":"instock","13":"featured","14":"taxable","15":"shipping-taxable","16":"purchasable","17":"product-type-simple"},"_links":{"self":[{"href":"https:\/\/abinox-chr-clim.com\/index.php\/wp-json\/wp\/v2\/product\/71030","targetHints":{"allow":["GET"]}}],"collection":[{"href":"https:\/\/abinox-chr-clim.com\/index.php\/wp-json\/wp\/v2\/product"}],"about":[{"href":"https:\/\/abinox-chr-clim.com\/index.php\/wp-json\/wp\/v2\/types\/product"}],"replies":[{"embeddable":true,"href":"https:\/\/abinox-chr-clim.com\/index.php\/wp-json\/wp\/v2\/comments?post=71030"}],"wp:featuredmedia":[{"embeddable":true,"href":"https:\/\/abinox-chr-clim.com\/index.php\/wp-json\/wp\/v2\/media\/87078"}],"wp:attachment":[{"href":"https:\/\/abinox-chr-clim.com\/index.php\/wp-json\/wp\/v2\/media?parent=71030"}],"wp:term":[{"taxonomy":"product_brand","embeddable":true,"href":"https:\/\/abinox-chr-clim.com\/index.php\/wp-json\/wp\/v2\/product_brand?post=71030"},{"taxonomy":"product_cat","embeddable":true,"href":"https:\/\/abinox-chr-clim.com\/index.php\/wp-json\/wp\/v2\/product_cat?post=71030"},{"taxonomy":"product_tag","embeddable":true,"href":"https:\/\/abinox-chr-clim.com\/index.php\/wp-json\/wp\/v2\/product_tag?post=71030"}],"curies":[{"name":"wp","href":"https:\/\/api.w.org\/{rel}","templated":true}]}}