{"id":71028,"date":"2024-03-22T19:39:07","date_gmt":"2024-03-22T18:39:07","guid":{"rendered":"https:\/\/abinox-chr-clim.com\/index.php\/product\/porte-menu-mural-a-led-blanches-en-teck-securit-4xa4\/"},"modified":"2026-04-15T10:21:55","modified_gmt":"2026-04-15T08:21:55","slug":"porte-menu-mural-a-led-blanches-en-teck-securit-4xa4","status":"publish","type":"product","link":"https:\/\/abinox-chr-clim.com\/index.php\/product\/porte-menu-mural-a-led-blanches-en-teck-securit-4xa4\/","title":{"rendered":"Porte-menu mural \u00e0 LED blanches en teck Securit 4xA4"},"content":{"rendered":"<p>En teck avec LEDS blanches pour pr\u00e9senter 4 feuilles A4.<br \/>L&rsquo;\u00e9cran de couleur teck est dot\u00e9 de lumi\u00e8res LED blanches, fabriqu\u00e9 en bois massif avec des laques protectrices pour r\u00e9sister aux intemp\u00e9ries.Compl\u00e9tez le pr\u00e9sentoir Securit avec les roulettes CU940 et l&rsquo;adaptateur 1,5A O7710 qui s&rsquo;ins\u00e8re dans l&rsquo;\u00e9cran. Facile \u00e0 nettoyer. \u00c9galement disponible complet avec poteau et socle via le code article DP529.  L&rsquo;\u00e9cran de couleur teck est dot\u00e9 de lumi\u00e8res LED blanches, fabriqu\u00e9 en bois massif avec des laques protectrices pour r\u00e9sister aux intemp\u00e9ries. .<br \/> Caract\u00e9ristiques :<br \/> Dimensions : 0(H) x 0(L) x 0(P) mm.<br \/> Mati\u00e8re : M\u00e9tal et bois.<br \/> Couleur : Teck.<\/p>\n","protected":false},"excerpt":{"rendered":"<p>Porte-menu mural \u00e0 LED blanches en teck Securit 4xA4<\/p>\n","protected":false},"featured_media":105168,"comment_status":"closed","ping_status":"closed","template":"","meta":[],"product_brand":[],"product_cat":[1122,1297,1106],"product_tag":[],"class_list":{"0":"post-71028","1":"product","2":"type-product","3":"status-publish","4":"has-post-thumbnail","6":"product_cat-menus-et-signaletique","7":"product_cat-non-palettisable","8":"product_cat-restaurant-bar-et-hotel","9":"product_shipping_class-free-shipping","11":"first","12":"outofstock","13":"featured","14":"taxable","15":"shipping-taxable","16":"purchasable","17":"product-type-simple"},"_links":{"self":[{"href":"https:\/\/abinox-chr-clim.com\/index.php\/wp-json\/wp\/v2\/product\/71028","targetHints":{"allow":["GET"]}}],"collection":[{"href":"https:\/\/abinox-chr-clim.com\/index.php\/wp-json\/wp\/v2\/product"}],"about":[{"href":"https:\/\/abinox-chr-clim.com\/index.php\/wp-json\/wp\/v2\/types\/product"}],"replies":[{"embeddable":true,"href":"https:\/\/abinox-chr-clim.com\/index.php\/wp-json\/wp\/v2\/comments?post=71028"}],"wp:featuredmedia":[{"embeddable":true,"href":"https:\/\/abinox-chr-clim.com\/index.php\/wp-json\/wp\/v2\/media\/105168"}],"wp:attachment":[{"href":"https:\/\/abinox-chr-clim.com\/index.php\/wp-json\/wp\/v2\/media?parent=71028"}],"wp:term":[{"taxonomy":"product_brand","embeddable":true,"href":"https:\/\/abinox-chr-clim.com\/index.php\/wp-json\/wp\/v2\/product_brand?post=71028"},{"taxonomy":"product_cat","embeddable":true,"href":"https:\/\/abinox-chr-clim.com\/index.php\/wp-json\/wp\/v2\/product_cat?post=71028"},{"taxonomy":"product_tag","embeddable":true,"href":"https:\/\/abinox-chr-clim.com\/index.php\/wp-json\/wp\/v2\/product_tag?post=71028"}],"curies":[{"name":"wp","href":"https:\/\/api.w.org\/{rel}","templated":true}]}}