{"id":71027,"date":"2024-03-22T19:39:07","date_gmt":"2024-03-22T18:39:07","guid":{"rendered":"https:\/\/abinox-chr-clim.com\/index.php\/product\/porte-menu-mural-a-led-blanches-en-acier-noir-securit-8xa4\/"},"modified":"2026-04-15T10:21:53","modified_gmt":"2026-04-15T08:21:53","slug":"porte-menu-mural-a-led-blanches-en-acier-noir-securit-8xa4","status":"publish","type":"product","link":"https:\/\/abinox-chr-clim.com\/index.php\/product\/porte-menu-mural-a-led-blanches-en-acier-noir-securit-8xa4\/","title":{"rendered":"Porte-menu mural \u00e0 LED blanches en acier noir Securit 8xA4"},"content":{"rendered":"<p>En acier noir avec LEDS blanches pour pr\u00e9senter 8 feuilles A4.<br \/>Le porte-menu comprend des lumi\u00e8res LED blanches qui peuvent \u00eatre activ\u00e9es par une t\u00e9l\u00e9commande.Livr\u00e9 avec les fixations murales, une prise \u00e9lectrique, un c\u00e2ble d&rsquo;alimentation de cinq m\u00e8tres, des aimants, un syst\u00e8me de verrouillage et une t\u00e9l\u00e9commande. Facile \u00e0 nettoyer.Mod\u00e8le existant avec poteau et socle : code CX074.Le porte-menu comprend des lumi\u00e8res LED blanches qui peuvent \u00eatre activ\u00e9es par une t\u00e9l\u00e9commande. .<br \/> Caract\u00e9ristiques :<br \/> Dimensions : 970(H) x 780(L) x 90(P) mm.<br \/> Mati\u00e8re : M\u00e9tal.<br \/> Couleur : Noir.<\/p>\n","protected":false},"excerpt":{"rendered":"<p>Porte-menu mural \u00e0 LED blanches en acier noir Securit 8xA4<\/p>\n","protected":false},"featured_media":105166,"comment_status":"closed","ping_status":"closed","template":"","meta":[],"product_brand":[],"product_cat":[1122,1297,1106],"product_tag":[],"class_list":{"0":"post-71027","1":"product","2":"type-product","3":"status-publish","4":"has-post-thumbnail","6":"product_cat-menus-et-signaletique","7":"product_cat-non-palettisable","8":"product_cat-restaurant-bar-et-hotel","9":"product_shipping_class-free-shipping","11":"first","12":"outofstock","13":"featured","14":"taxable","15":"shipping-taxable","16":"purchasable","17":"product-type-simple"},"_links":{"self":[{"href":"https:\/\/abinox-chr-clim.com\/index.php\/wp-json\/wp\/v2\/product\/71027","targetHints":{"allow":["GET"]}}],"collection":[{"href":"https:\/\/abinox-chr-clim.com\/index.php\/wp-json\/wp\/v2\/product"}],"about":[{"href":"https:\/\/abinox-chr-clim.com\/index.php\/wp-json\/wp\/v2\/types\/product"}],"replies":[{"embeddable":true,"href":"https:\/\/abinox-chr-clim.com\/index.php\/wp-json\/wp\/v2\/comments?post=71027"}],"wp:featuredmedia":[{"embeddable":true,"href":"https:\/\/abinox-chr-clim.com\/index.php\/wp-json\/wp\/v2\/media\/105166"}],"wp:attachment":[{"href":"https:\/\/abinox-chr-clim.com\/index.php\/wp-json\/wp\/v2\/media?parent=71027"}],"wp:term":[{"taxonomy":"product_brand","embeddable":true,"href":"https:\/\/abinox-chr-clim.com\/index.php\/wp-json\/wp\/v2\/product_brand?post=71027"},{"taxonomy":"product_cat","embeddable":true,"href":"https:\/\/abinox-chr-clim.com\/index.php\/wp-json\/wp\/v2\/product_cat?post=71027"},{"taxonomy":"product_tag","embeddable":true,"href":"https:\/\/abinox-chr-clim.com\/index.php\/wp-json\/wp\/v2\/product_tag?post=71027"}],"curies":[{"name":"wp","href":"https:\/\/api.w.org\/{rel}","templated":true}]}}