{"id":71026,"date":"2024-03-22T19:39:07","date_gmt":"2024-03-22T18:39:07","guid":{"rendered":"https:\/\/abinox-chr-clim.com\/index.php\/product\/porte-addition-en-bois-recouvert-de-polyurethane-securit-trendy-noir\/"},"modified":"2026-04-15T10:21:51","modified_gmt":"2026-04-15T08:21:51","slug":"porte-addition-en-bois-recouvert-de-polyurethane-securit-trendy-noir","status":"publish","type":"product","link":"https:\/\/abinox-chr-clim.com\/index.php\/product\/porte-addition-en-bois-recouvert-de-polyurethane-securit-trendy-noir\/","title":{"rendered":"Porte-addition en bois recouvert de polyur\u00e9thane Securit Trendy noir"},"content":{"rendered":"<p>Acier inoxydable. 30(H) x 80(L) x 50(P)mm.<br \/>En bois de h\u00eatre recouvert de polyur\u00e9thane noir.Permet de placer \u00e0 l&rsquo;int\u00e9rieur l&rsquo;addition, la monnaie, une carte de cr\u00e9dit ou de visite, et de fixer le haut avec l&rsquo;\u00e9lastique. Facile \u00e0 nettoyer. Facile \u00e0 transporter. En bois de h\u00eatre recouvert de polyur\u00e9thane noir. .<br \/> Caract\u00e9ristiques :<br \/> Dimensions : 190(H) x 198(L) x 113(P) mm.<br \/> Mati\u00e8re : Bois.<br \/> Couleur : Noir.<\/p>\n","protected":false},"excerpt":{"rendered":"<p>Porte-addition en bois recouvert de polyur\u00e9thane Securit Trendy noir<\/p>\n","protected":false},"featured_media":105165,"comment_status":"closed","ping_status":"closed","template":"","meta":[],"product_brand":[],"product_cat":[1122,1297,1106],"product_tag":[],"class_list":{"0":"post-71026","1":"product","2":"type-product","3":"status-publish","4":"has-post-thumbnail","6":"product_cat-menus-et-signaletique","7":"product_cat-non-palettisable","8":"product_cat-restaurant-bar-et-hotel","9":"product_shipping_class-free-shipping","11":"first","12":"outofstock","13":"featured","14":"taxable","15":"shipping-taxable","16":"purchasable","17":"product-type-simple"},"_links":{"self":[{"href":"https:\/\/abinox-chr-clim.com\/index.php\/wp-json\/wp\/v2\/product\/71026","targetHints":{"allow":["GET"]}}],"collection":[{"href":"https:\/\/abinox-chr-clim.com\/index.php\/wp-json\/wp\/v2\/product"}],"about":[{"href":"https:\/\/abinox-chr-clim.com\/index.php\/wp-json\/wp\/v2\/types\/product"}],"replies":[{"embeddable":true,"href":"https:\/\/abinox-chr-clim.com\/index.php\/wp-json\/wp\/v2\/comments?post=71026"}],"wp:featuredmedia":[{"embeddable":true,"href":"https:\/\/abinox-chr-clim.com\/index.php\/wp-json\/wp\/v2\/media\/105165"}],"wp:attachment":[{"href":"https:\/\/abinox-chr-clim.com\/index.php\/wp-json\/wp\/v2\/media?parent=71026"}],"wp:term":[{"taxonomy":"product_brand","embeddable":true,"href":"https:\/\/abinox-chr-clim.com\/index.php\/wp-json\/wp\/v2\/product_brand?post=71026"},{"taxonomy":"product_cat","embeddable":true,"href":"https:\/\/abinox-chr-clim.com\/index.php\/wp-json\/wp\/v2\/product_cat?post=71026"},{"taxonomy":"product_tag","embeddable":true,"href":"https:\/\/abinox-chr-clim.com\/index.php\/wp-json\/wp\/v2\/product_tag?post=71026"}],"curies":[{"name":"wp","href":"https:\/\/api.w.org\/{rel}","templated":true}]}}