{"id":71025,"date":"2024-03-22T19:39:06","date_gmt":"2024-03-22T18:39:06","guid":{"rendered":"https:\/\/abinox-chr-clim.com\/index.php\/product\/boite-addition-vieux-coffre-a-tresor-securit\/"},"modified":"2026-04-15T10:21:51","modified_gmt":"2026-04-15T08:21:51","slug":"boite-addition-vieux-coffre-a-tresor-securit","status":"publish","type":"product","link":"https:\/\/abinox-chr-clim.com\/index.php\/product\/boite-addition-vieux-coffre-a-tresor-securit\/","title":{"rendered":"Bo\u00eete addition vieux coffre \u00e0 tr\u00e9sor Securit"},"content":{"rendered":"<p>Acier inoxydable. 30(H) x 80(L) x 50(P)mm.<br \/>Avec son design original, c&rsquo;est un accessoire amusant qui peut \u00eatre utilis\u00e9 pour les additions, les cartes de cr\u00e9dit, les esp\u00e8ces et les bonbons.La bo\u00eete au tr\u00e9sor est \u00e9quip\u00e9e d&rsquo;un crochet de fermeture en m\u00e9tal et de rivets d\u00e9coratifs.S&rsquo;associe avec les prot\u00e8ge-menus Securit\u00ae. Avec son design original, c&rsquo;est un accessoire amusant qui peut \u00eatre utilis\u00e9 pour les additions, les cartes de cr\u00e9dit, les esp\u00e8ces et les bonbons. .<br \/> Caract\u00e9ristiques :<br \/> Dimensions : 590(H) x 230(L) x 160(P) mm.<br \/> Mati\u00e8re : Bois.<br \/> Couleur : Marron.<\/p>\n","protected":false},"excerpt":{"rendered":"<p>Bo\u00eete addition vieux coffre \u00e0 tr\u00e9sor Securit<\/p>\n","protected":false},"featured_media":105164,"comment_status":"closed","ping_status":"closed","template":"","meta":[],"product_brand":[],"product_cat":[1122,1297,1106],"product_tag":[],"class_list":{"0":"post-71025","1":"product","2":"type-product","3":"status-publish","4":"has-post-thumbnail","6":"product_cat-menus-et-signaletique","7":"product_cat-non-palettisable","8":"product_cat-restaurant-bar-et-hotel","9":"product_shipping_class-free-shipping","11":"first","12":"outofstock","13":"featured","14":"taxable","15":"shipping-taxable","16":"purchasable","17":"product-type-simple"},"_links":{"self":[{"href":"https:\/\/abinox-chr-clim.com\/index.php\/wp-json\/wp\/v2\/product\/71025","targetHints":{"allow":["GET"]}}],"collection":[{"href":"https:\/\/abinox-chr-clim.com\/index.php\/wp-json\/wp\/v2\/product"}],"about":[{"href":"https:\/\/abinox-chr-clim.com\/index.php\/wp-json\/wp\/v2\/types\/product"}],"replies":[{"embeddable":true,"href":"https:\/\/abinox-chr-clim.com\/index.php\/wp-json\/wp\/v2\/comments?post=71025"}],"wp:featuredmedia":[{"embeddable":true,"href":"https:\/\/abinox-chr-clim.com\/index.php\/wp-json\/wp\/v2\/media\/105164"}],"wp:attachment":[{"href":"https:\/\/abinox-chr-clim.com\/index.php\/wp-json\/wp\/v2\/media?parent=71025"}],"wp:term":[{"taxonomy":"product_brand","embeddable":true,"href":"https:\/\/abinox-chr-clim.com\/index.php\/wp-json\/wp\/v2\/product_brand?post=71025"},{"taxonomy":"product_cat","embeddable":true,"href":"https:\/\/abinox-chr-clim.com\/index.php\/wp-json\/wp\/v2\/product_cat?post=71025"},{"taxonomy":"product_tag","embeddable":true,"href":"https:\/\/abinox-chr-clim.com\/index.php\/wp-json\/wp\/v2\/product_tag?post=71025"}],"curies":[{"name":"wp","href":"https:\/\/api.w.org\/{rel}","templated":true}]}}