{"id":71023,"date":"2024-03-22T19:39:06","date_gmt":"2024-03-22T18:39:06","guid":{"rendered":"https:\/\/abinox-chr-clim.com\/index.php\/product\/planche-porte-menu-a-anneaux-securit-gamme-walnut\/"},"modified":"2026-04-15T10:21:49","modified_gmt":"2026-04-15T08:21:49","slug":"planche-porte-menu-a-anneaux-securit-gamme-walnut","status":"publish","type":"product","link":"https:\/\/abinox-chr-clim.com\/index.php\/product\/planche-porte-menu-a-anneaux-securit-gamme-walnut\/","title":{"rendered":"Planche porte-menu \u00e0 anneaux Securit gamme Walnut"},"content":{"rendered":"<p>Acier inoxydable. 30(H) x 80(L) x 50(P)mm.<br \/>Comprend une page ardoise pouvant \u00eatre utilis\u00e9e comme couverture ou pour \u00e9crire votre menu avec un feutre craie Securit\u00ae.Dispose de bords lisses d\u00e9coup\u00e9s avec pr\u00e9cision et d&rsquo;un classeur \u00e0 deux anneaux en m\u00e9tal poudr\u00e9 noir.La page ardoise est flexible. Facile \u00e0 nettoyer. Un compl\u00e9ment parfait \u00e0 n&rsquo;importe quelle table.  Comprend une page ardoise pouvant \u00eatre utilis\u00e9e comme couverture ou pour \u00e9crire votre menu avec un feutre craie Securit\u00ae. .<br \/> Caract\u00e9ristiques :<br \/> Dimensions : 305(H) x 183(L) x 340(P) mm.<br \/> Mati\u00e8re : M\u00e9tal et bois.<br \/> Couleur : Marron.<\/p>\n","protected":false},"excerpt":{"rendered":"<p>Planche porte-menu \u00e0 anneaux Securit gamme Walnut<\/p>\n","protected":false},"featured_media":105162,"comment_status":"closed","ping_status":"closed","template":"","meta":[],"product_brand":[],"product_cat":[1122,1297,1106],"product_tag":[],"class_list":{"0":"post-71023","1":"product","2":"type-product","3":"status-publish","4":"has-post-thumbnail","6":"product_cat-menus-et-signaletique","7":"product_cat-non-palettisable","8":"product_cat-restaurant-bar-et-hotel","9":"product_shipping_class-free-shipping","11":"first","12":"instock","13":"featured","14":"taxable","15":"shipping-taxable","16":"purchasable","17":"product-type-simple"},"_links":{"self":[{"href":"https:\/\/abinox-chr-clim.com\/index.php\/wp-json\/wp\/v2\/product\/71023","targetHints":{"allow":["GET"]}}],"collection":[{"href":"https:\/\/abinox-chr-clim.com\/index.php\/wp-json\/wp\/v2\/product"}],"about":[{"href":"https:\/\/abinox-chr-clim.com\/index.php\/wp-json\/wp\/v2\/types\/product"}],"replies":[{"embeddable":true,"href":"https:\/\/abinox-chr-clim.com\/index.php\/wp-json\/wp\/v2\/comments?post=71023"}],"wp:featuredmedia":[{"embeddable":true,"href":"https:\/\/abinox-chr-clim.com\/index.php\/wp-json\/wp\/v2\/media\/105162"}],"wp:attachment":[{"href":"https:\/\/abinox-chr-clim.com\/index.php\/wp-json\/wp\/v2\/media?parent=71023"}],"wp:term":[{"taxonomy":"product_brand","embeddable":true,"href":"https:\/\/abinox-chr-clim.com\/index.php\/wp-json\/wp\/v2\/product_brand?post=71023"},{"taxonomy":"product_cat","embeddable":true,"href":"https:\/\/abinox-chr-clim.com\/index.php\/wp-json\/wp\/v2\/product_cat?post=71023"},{"taxonomy":"product_tag","embeddable":true,"href":"https:\/\/abinox-chr-clim.com\/index.php\/wp-json\/wp\/v2\/product_tag?post=71023"}],"curies":[{"name":"wp","href":"https:\/\/api.w.org\/{rel}","templated":true}]}}