{"id":71022,"date":"2024-03-22T19:39:06","date_gmt":"2024-03-22T18:39:06","guid":{"rendered":"https:\/\/abinox-chr-clim.com\/index.php\/product\/boite-avec-20-protege-menus-simili-cuir-a4x4-securit-classic-noirs\/"},"modified":"2026-04-15T10:21:48","modified_gmt":"2026-04-15T08:21:48","slug":"boite-avec-20-protege-menus-simili-cuir-a4x4-securit-classic-noirs","status":"publish","type":"product","link":"https:\/\/abinox-chr-clim.com\/index.php\/product\/boite-avec-20-protege-menus-simili-cuir-a4x4-securit-classic-noirs\/","title":{"rendered":"Bo\u00eete avec 20 prot\u00e8ge-menus simili cuir A4x4 Securit Classic noirs"},"content":{"rendered":"<p>Prot\u00e8ge-menus de style classique en polyur\u00e9thane avec inscription \u00ab\u00a0Menu\u00a0\u00bb sur la couverture en lettres dor\u00e9es et bords cousus. Parfaits pour les bars et restaurants traditionnels.\u00c9lastique pour l&rsquo;insertion et le maintien des inserts. Prot\u00e8ge-menus flexibles. Faciles \u00e0 nettoyer. S&rsquo;int\u00e8grent parfaitement \u00e0 toute pr\u00e9sentation de table.  Prot\u00e8ge-menus de style classique en polyur\u00e9thane avec inscription \u00ab\u00a0Menu\u00a0\u00bb sur la couverture en lettres dor\u00e9es et bords cousus. Parfaits pour les bars et restaurants traditionnels. .<br \/> Caract\u00e9ristiques :<br \/> Dimensions : 374(H) x 223(L) x 302(P) mm.<br \/> Mati\u00e8re : Cuir synth\u00e9tique.<br \/> Couleur : Noir.<\/p>\n","protected":false},"excerpt":{"rendered":"<p>Bo\u00eete avec 20 prot\u00e8ge-menus simili cuir A4x4 Securit Classic noirs<\/p>\n","protected":false},"featured_media":105161,"comment_status":"closed","ping_status":"closed","template":"","meta":[],"product_brand":[],"product_cat":[1122,1297,1106],"product_tag":[],"class_list":{"0":"post-71022","1":"product","2":"type-product","3":"status-publish","4":"has-post-thumbnail","6":"product_cat-menus-et-signaletique","7":"product_cat-non-palettisable","8":"product_cat-restaurant-bar-et-hotel","9":"product_shipping_class-free-shipping","11":"first","12":"instock","13":"featured","14":"taxable","15":"shipping-taxable","16":"purchasable","17":"product-type-simple"},"_links":{"self":[{"href":"https:\/\/abinox-chr-clim.com\/index.php\/wp-json\/wp\/v2\/product\/71022","targetHints":{"allow":["GET"]}}],"collection":[{"href":"https:\/\/abinox-chr-clim.com\/index.php\/wp-json\/wp\/v2\/product"}],"about":[{"href":"https:\/\/abinox-chr-clim.com\/index.php\/wp-json\/wp\/v2\/types\/product"}],"replies":[{"embeddable":true,"href":"https:\/\/abinox-chr-clim.com\/index.php\/wp-json\/wp\/v2\/comments?post=71022"}],"wp:featuredmedia":[{"embeddable":true,"href":"https:\/\/abinox-chr-clim.com\/index.php\/wp-json\/wp\/v2\/media\/105161"}],"wp:attachment":[{"href":"https:\/\/abinox-chr-clim.com\/index.php\/wp-json\/wp\/v2\/media?parent=71022"}],"wp:term":[{"taxonomy":"product_brand","embeddable":true,"href":"https:\/\/abinox-chr-clim.com\/index.php\/wp-json\/wp\/v2\/product_brand?post=71022"},{"taxonomy":"product_cat","embeddable":true,"href":"https:\/\/abinox-chr-clim.com\/index.php\/wp-json\/wp\/v2\/product_cat?post=71022"},{"taxonomy":"product_tag","embeddable":true,"href":"https:\/\/abinox-chr-clim.com\/index.php\/wp-json\/wp\/v2\/product_tag?post=71022"}],"curies":[{"name":"wp","href":"https:\/\/api.w.org\/{rel}","templated":true}]}}