{"id":71020,"date":"2024-03-22T19:39:05","date_gmt":"2024-03-22T18:39:05","guid":{"rendered":"https:\/\/abinox-chr-clim.com\/index.php\/product\/ardoise-murale-cadre-en-bois-noir-avec-feutre-craie-et-fixations-securit-40x60cm\/"},"modified":"2026-04-15T10:21:40","modified_gmt":"2026-04-15T08:21:40","slug":"ardoise-murale-cadre-en-bois-noir-avec-feutre-craie-et-fixations-securit-40x60cm","status":"publish","type":"product","link":"https:\/\/abinox-chr-clim.com\/index.php\/product\/ardoise-murale-cadre-en-bois-noir-avec-feutre-craie-et-fixations-securit-40x60cm\/","title":{"rendered":"Ardoise murale cadre en bois noir avec feutre craie et fixations Securit 40x60cm"},"content":{"rendered":"<p>La surface d&rsquo;\u00e9criture double face peut \u00eatre facilement nettoy\u00e9e.Mettez \u00e0 jour les messages \u00e0 l&rsquo;aide du marqueur craie blanc Securit\u00ae Original inclus.Cette ardoise murale 40&#215;60 cm avec un cadre en bois noir est livr\u00e9e avec les fixations murales. Pr\u00e9sentation unique, tendance et efficace. La surface d&rsquo;\u00e9criture double face peut \u00eatre facilement nettoy\u00e9e. .<br \/> Caract\u00e9ristiques :<br \/> Dimensions : 0(L) x 0(P) mm.<br \/> Mati\u00e8re : Bois.<br \/> Couleur : Noir.<\/p>\n","protected":false},"excerpt":{"rendered":"<p>Ardoise murale cadre en bois noir avec feutre craie et fixations Securit 40x60cm<\/p>\n","protected":false},"featured_media":105150,"comment_status":"closed","ping_status":"closed","template":"","meta":[],"product_brand":[],"product_cat":[1122,1297,1106],"product_tag":[],"class_list":{"0":"post-71020","1":"product","2":"type-product","3":"status-publish","4":"has-post-thumbnail","6":"product_cat-menus-et-signaletique","7":"product_cat-non-palettisable","8":"product_cat-restaurant-bar-et-hotel","9":"product_shipping_class-free-shipping","11":"first","12":"instock","13":"featured","14":"taxable","15":"shipping-taxable","16":"purchasable","17":"product-type-simple"},"_links":{"self":[{"href":"https:\/\/abinox-chr-clim.com\/index.php\/wp-json\/wp\/v2\/product\/71020","targetHints":{"allow":["GET"]}}],"collection":[{"href":"https:\/\/abinox-chr-clim.com\/index.php\/wp-json\/wp\/v2\/product"}],"about":[{"href":"https:\/\/abinox-chr-clim.com\/index.php\/wp-json\/wp\/v2\/types\/product"}],"replies":[{"embeddable":true,"href":"https:\/\/abinox-chr-clim.com\/index.php\/wp-json\/wp\/v2\/comments?post=71020"}],"wp:featuredmedia":[{"embeddable":true,"href":"https:\/\/abinox-chr-clim.com\/index.php\/wp-json\/wp\/v2\/media\/105150"}],"wp:attachment":[{"href":"https:\/\/abinox-chr-clim.com\/index.php\/wp-json\/wp\/v2\/media?parent=71020"}],"wp:term":[{"taxonomy":"product_brand","embeddable":true,"href":"https:\/\/abinox-chr-clim.com\/index.php\/wp-json\/wp\/v2\/product_brand?post=71020"},{"taxonomy":"product_cat","embeddable":true,"href":"https:\/\/abinox-chr-clim.com\/index.php\/wp-json\/wp\/v2\/product_cat?post=71020"},{"taxonomy":"product_tag","embeddable":true,"href":"https:\/\/abinox-chr-clim.com\/index.php\/wp-json\/wp\/v2\/product_tag?post=71020"}],"curies":[{"name":"wp","href":"https:\/\/api.w.org\/{rel}","templated":true}]}}