{"id":71017,"date":"2024-03-22T19:39:04","date_gmt":"2024-03-22T18:39:04","guid":{"rendered":"https:\/\/abinox-chr-clim.com\/index.php\/product\/chevalets-table-reservee-securit-reserve-lot-de-5\/"},"modified":"2026-02-18T10:16:00","modified_gmt":"2026-02-18T09:16:00","slug":"chevalets-table-reservee-securit-reserve-lot-de-5","status":"publish","type":"product","link":"https:\/\/abinox-chr-clim.com\/index.php\/product\/chevalets-table-reservee-securit-reserve-lot-de-5\/","title":{"rendered":"Chevalets table r\u00e9serv\u00e9e Securit \u00ab\u00a0R\u00e9serv\u00e9\u00a0\u00bb (lot de 5)"},"content":{"rendered":"<p>Signal\u00e9tique de table r\u00e9serv\u00e9e. Indication directe et claire pour les clients que la table est r\u00e9serv\u00e9e. Une mani\u00e8re simple et \u00e9l\u00e9gante de signaler la r\u00e9servation de table au personnel et aux clients. Signal\u00e9tique de table r\u00e9serv\u00e9e.<\/p>\n<p>Caract\u00e9ristiques :<br \/> Dimensions : 142(H) x 80(L) x 490(P) mm.<br \/> Mati\u00e8re : Plastique.<br \/> Couleur : Blanc.<\/p>\n","protected":false},"excerpt":{"rendered":"<p>Chevalets table r\u00e9serv\u00e9e Securit \u00ab\u00a0R\u00e9serv\u00e9\u00a0\u00bb (lot de 5)<\/p>\n","protected":false},"featured_media":105147,"comment_status":"closed","ping_status":"closed","template":"","meta":[],"product_brand":[],"product_cat":[1122,1297,1106],"product_tag":[],"class_list":{"0":"post-71017","1":"product","2":"type-product","3":"status-publish","4":"has-post-thumbnail","6":"product_cat-menus-et-signaletique","7":"product_cat-non-palettisable","8":"product_cat-restaurant-bar-et-hotel","9":"product_shipping_class-free-shipping","11":"first","12":"outofstock","13":"featured","14":"taxable","15":"shipping-taxable","16":"purchasable","17":"product-type-simple"},"_links":{"self":[{"href":"https:\/\/abinox-chr-clim.com\/index.php\/wp-json\/wp\/v2\/product\/71017","targetHints":{"allow":["GET"]}}],"collection":[{"href":"https:\/\/abinox-chr-clim.com\/index.php\/wp-json\/wp\/v2\/product"}],"about":[{"href":"https:\/\/abinox-chr-clim.com\/index.php\/wp-json\/wp\/v2\/types\/product"}],"replies":[{"embeddable":true,"href":"https:\/\/abinox-chr-clim.com\/index.php\/wp-json\/wp\/v2\/comments?post=71017"}],"wp:featuredmedia":[{"embeddable":true,"href":"https:\/\/abinox-chr-clim.com\/index.php\/wp-json\/wp\/v2\/media\/105147"}],"wp:attachment":[{"href":"https:\/\/abinox-chr-clim.com\/index.php\/wp-json\/wp\/v2\/media?parent=71017"}],"wp:term":[{"taxonomy":"product_brand","embeddable":true,"href":"https:\/\/abinox-chr-clim.com\/index.php\/wp-json\/wp\/v2\/product_brand?post=71017"},{"taxonomy":"product_cat","embeddable":true,"href":"https:\/\/abinox-chr-clim.com\/index.php\/wp-json\/wp\/v2\/product_cat?post=71017"},{"taxonomy":"product_tag","embeddable":true,"href":"https:\/\/abinox-chr-clim.com\/index.php\/wp-json\/wp\/v2\/product_tag?post=71017"}],"curies":[{"name":"wp","href":"https:\/\/api.w.org\/{rel}","templated":true}]}}