{"id":71015,"date":"2024-03-22T19:39:03","date_gmt":"2024-03-22T18:39:03","guid":{"rendered":"https:\/\/abinox-chr-clim.com\/index.php\/product\/presentoir-a-vin-avec-ardoise-securit-1-bouteille\/"},"modified":"2026-04-15T10:21:36","modified_gmt":"2026-04-15T08:21:36","slug":"presentoir-a-vin-avec-ardoise-securit-1-bouteille","status":"publish","type":"product","link":"https:\/\/abinox-chr-clim.com\/index.php\/product\/presentoir-a-vin-avec-ardoise-securit-1-bouteille\/","title":{"rendered":"Pr\u00e9sentoir \u00e0 vin avec ardoise Securit 1 bouteille"},"content":{"rendered":"<p>\u00c9crivez simplement le nom et l&rsquo;origine de la bouteille ou tout autre information pour une touche personnelle. Pour un r\u00e9sultat parfait, nous vous recommandons d&rsquo;utiliser des feutres craie Securit\u00ae qui se nettoient facilement si n\u00e9cessaire.Facile \u00e0 nettoyer. Facile \u00e0 d\u00e9placer. \u00c9crivez simplement le nom et l&rsquo;origine de la bouteille ou tout autre information pour une touche personnelle.<\/p>\n<p>Caract\u00e9ristiques :<br \/> Dimensions : 0(H) x 0(L) x 0(P) mm.<br \/> Mati\u00e8re : M\u00e9tal et bois.<br \/> Couleur : Marron.<\/p>\n","protected":false},"excerpt":{"rendered":"<p>Pr\u00e9sentoir \u00e0 vin avec ardoise Securit 1 bouteille<\/p>\n","protected":false},"featured_media":105145,"comment_status":"closed","ping_status":"closed","template":"","meta":[],"product_brand":[],"product_cat":[1122,1297,1106],"product_tag":[],"class_list":{"0":"post-71015","1":"product","2":"type-product","3":"status-publish","4":"has-post-thumbnail","6":"product_cat-menus-et-signaletique","7":"product_cat-non-palettisable","8":"product_cat-restaurant-bar-et-hotel","9":"product_shipping_class-free-shipping","11":"first","12":"outofstock","13":"featured","14":"taxable","15":"shipping-taxable","16":"purchasable","17":"product-type-simple"},"_links":{"self":[{"href":"https:\/\/abinox-chr-clim.com\/index.php\/wp-json\/wp\/v2\/product\/71015","targetHints":{"allow":["GET"]}}],"collection":[{"href":"https:\/\/abinox-chr-clim.com\/index.php\/wp-json\/wp\/v2\/product"}],"about":[{"href":"https:\/\/abinox-chr-clim.com\/index.php\/wp-json\/wp\/v2\/types\/product"}],"replies":[{"embeddable":true,"href":"https:\/\/abinox-chr-clim.com\/index.php\/wp-json\/wp\/v2\/comments?post=71015"}],"wp:featuredmedia":[{"embeddable":true,"href":"https:\/\/abinox-chr-clim.com\/index.php\/wp-json\/wp\/v2\/media\/105145"}],"wp:attachment":[{"href":"https:\/\/abinox-chr-clim.com\/index.php\/wp-json\/wp\/v2\/media?parent=71015"}],"wp:term":[{"taxonomy":"product_brand","embeddable":true,"href":"https:\/\/abinox-chr-clim.com\/index.php\/wp-json\/wp\/v2\/product_brand?post=71015"},{"taxonomy":"product_cat","embeddable":true,"href":"https:\/\/abinox-chr-clim.com\/index.php\/wp-json\/wp\/v2\/product_cat?post=71015"},{"taxonomy":"product_tag","embeddable":true,"href":"https:\/\/abinox-chr-clim.com\/index.php\/wp-json\/wp\/v2\/product_tag?post=71015"}],"curies":[{"name":"wp","href":"https:\/\/api.w.org\/{rel}","templated":true}]}}