{"id":71013,"date":"2024-03-22T19:39:03","date_gmt":"2024-03-22T18:39:03","guid":{"rendered":"https:\/\/abinox-chr-clim.com\/index.php\/product\/porte-etiquettes-en-acrylique-securit-lot-de-6\/"},"modified":"2026-03-16T12:27:32","modified_gmt":"2026-03-16T11:27:32","slug":"porte-etiquettes-en-acrylique-securit-lot-de-6","status":"publish","type":"product","link":"https:\/\/abinox-chr-clim.com\/index.php\/product\/porte-etiquettes-en-acrylique-securit-lot-de-6\/","title":{"rendered":"Porte-\u00e9tiquettes en acrylique Securit (lot de 6)"},"content":{"rendered":"<p>A poser. Noir mat en plastique. S&rsquo;utilisent avec un feutre craie liquide (non inclus).<br \/>Les porte-\u00e9tiquettes sont parfaits pour les restaurants, les boulangeries et les buffets.\u00c9galement pratiques pour pr\u00e9senter de petites notes ou petits m\u00e9mos. Facile \u00e0 nettoyer. Facile \u00e0 d\u00e9placer. Les porte-\u00e9tiquettes sont parfaits pour les restaurants, les boulangeries et les buffets. .<br \/> Caract\u00e9ristiques :<br \/> Dimensions : 170(H) x 105(L) x 320(P) mm.<br \/> Mati\u00e8re : Plastique.<br \/> Couleur : Noir.<\/p>\n","protected":false},"excerpt":{"rendered":"<p>Porte-\u00e9tiquettes en acrylique Securit (lot de 6)<\/p>\n","protected":false},"featured_media":105143,"comment_status":"closed","ping_status":"closed","template":"","meta":[],"product_brand":[],"product_cat":[1122,1297,1106],"product_tag":[],"class_list":{"0":"post-71013","1":"product","2":"type-product","3":"status-publish","4":"has-post-thumbnail","6":"product_cat-menus-et-signaletique","7":"product_cat-non-palettisable","8":"product_cat-restaurant-bar-et-hotel","9":"product_shipping_class-free-shipping","11":"first","12":"outofstock","13":"featured","14":"taxable","15":"shipping-taxable","16":"purchasable","17":"product-type-simple"},"_links":{"self":[{"href":"https:\/\/abinox-chr-clim.com\/index.php\/wp-json\/wp\/v2\/product\/71013","targetHints":{"allow":["GET"]}}],"collection":[{"href":"https:\/\/abinox-chr-clim.com\/index.php\/wp-json\/wp\/v2\/product"}],"about":[{"href":"https:\/\/abinox-chr-clim.com\/index.php\/wp-json\/wp\/v2\/types\/product"}],"replies":[{"embeddable":true,"href":"https:\/\/abinox-chr-clim.com\/index.php\/wp-json\/wp\/v2\/comments?post=71013"}],"wp:featuredmedia":[{"embeddable":true,"href":"https:\/\/abinox-chr-clim.com\/index.php\/wp-json\/wp\/v2\/media\/105143"}],"wp:attachment":[{"href":"https:\/\/abinox-chr-clim.com\/index.php\/wp-json\/wp\/v2\/media?parent=71013"}],"wp:term":[{"taxonomy":"product_brand","embeddable":true,"href":"https:\/\/abinox-chr-clim.com\/index.php\/wp-json\/wp\/v2\/product_brand?post=71013"},{"taxonomy":"product_cat","embeddable":true,"href":"https:\/\/abinox-chr-clim.com\/index.php\/wp-json\/wp\/v2\/product_cat?post=71013"},{"taxonomy":"product_tag","embeddable":true,"href":"https:\/\/abinox-chr-clim.com\/index.php\/wp-json\/wp\/v2\/product_tag?post=71013"}],"curies":[{"name":"wp","href":"https:\/\/api.w.org\/{rel}","templated":true}]}}