{"id":71012,"date":"2024-03-22T19:39:01","date_gmt":"2024-03-22T18:39:01","guid":{"rendered":"https:\/\/abinox-chr-clim.com\/index.php\/product\/set-de-20-ardoises-format-a6-et-1-feutre-craie-blanc-securit-lot-de-20\/"},"modified":"2026-04-15T10:21:34","modified_gmt":"2026-04-15T08:21:34","slug":"set-de-20-ardoises-format-a6-et-1-feutre-craie-blanc-securit-lot-de-20","status":"publish","type":"product","link":"https:\/\/abinox-chr-clim.com\/index.php\/product\/set-de-20-ardoises-format-a6-et-1-feutre-craie-blanc-securit-lot-de-20\/","title":{"rendered":"Set de 20 ardoises format A6 et 1 feutre craie blanc Securit  (lot de 20)"},"content":{"rendered":"<p>Mini ardoise sous forme de pancarte pour pr\u00e9senter vos buffets de fa\u00e7on originale. S&rsquo;utilise avec une craie classique ou un stylo craie liquide. Se nettoie avec un chiffon humide.<br \/>. Parfait si vous souhaitez modifier les messages r\u00e9guli\u00e8rement. Facile \u00e0 nettoyer. Facile \u00e0 transporter. .<\/p>\n<p>Caract\u00e9ristiques :<br \/> Dimensions : 185(H) x 90(L) x 340(P) mm.<br \/> Mati\u00e8re : Plastique.<br \/> Couleur : Noir.<\/p>\n","protected":false},"excerpt":{"rendered":"<p>Set de 20 ardoises format A6 et 1 feutre craie blanc Securit  (lot de 20)<\/p>\n","protected":false},"featured_media":105142,"comment_status":"closed","ping_status":"closed","template":"","meta":[],"product_brand":[],"product_cat":[1122,1297,1106],"product_tag":[],"class_list":{"0":"post-71012","1":"product","2":"type-product","3":"status-publish","4":"has-post-thumbnail","6":"product_cat-menus-et-signaletique","7":"product_cat-non-palettisable","8":"product_cat-restaurant-bar-et-hotel","9":"product_shipping_class-free-shipping","11":"first","12":"instock","13":"featured","14":"taxable","15":"shipping-taxable","16":"purchasable","17":"product-type-simple"},"_links":{"self":[{"href":"https:\/\/abinox-chr-clim.com\/index.php\/wp-json\/wp\/v2\/product\/71012","targetHints":{"allow":["GET"]}}],"collection":[{"href":"https:\/\/abinox-chr-clim.com\/index.php\/wp-json\/wp\/v2\/product"}],"about":[{"href":"https:\/\/abinox-chr-clim.com\/index.php\/wp-json\/wp\/v2\/types\/product"}],"replies":[{"embeddable":true,"href":"https:\/\/abinox-chr-clim.com\/index.php\/wp-json\/wp\/v2\/comments?post=71012"}],"wp:featuredmedia":[{"embeddable":true,"href":"https:\/\/abinox-chr-clim.com\/index.php\/wp-json\/wp\/v2\/media\/105142"}],"wp:attachment":[{"href":"https:\/\/abinox-chr-clim.com\/index.php\/wp-json\/wp\/v2\/media?parent=71012"}],"wp:term":[{"taxonomy":"product_brand","embeddable":true,"href":"https:\/\/abinox-chr-clim.com\/index.php\/wp-json\/wp\/v2\/product_brand?post=71012"},{"taxonomy":"product_cat","embeddable":true,"href":"https:\/\/abinox-chr-clim.com\/index.php\/wp-json\/wp\/v2\/product_cat?post=71012"},{"taxonomy":"product_tag","embeddable":true,"href":"https:\/\/abinox-chr-clim.com\/index.php\/wp-json\/wp\/v2\/product_tag?post=71012"}],"curies":[{"name":"wp","href":"https:\/\/api.w.org\/{rel}","templated":true}]}}