{"id":71011,"date":"2024-03-22T19:39:01","date_gmt":"2024-03-22T18:39:01","guid":{"rendered":"https:\/\/abinox-chr-clim.com\/index.php\/product\/mini-chevalets-rectangulaires-avec-socle-en-bois-securit-silhouette-lot-de-4\/"},"modified":"2026-04-15T10:21:33","modified_gmt":"2026-04-15T08:21:33","slug":"mini-chevalets-rectangulaires-avec-socle-en-bois-securit-silhouette-lot-de-4","status":"publish","type":"product","link":"https:\/\/abinox-chr-clim.com\/index.php\/product\/mini-chevalets-rectangulaires-avec-socle-en-bois-securit-silhouette-lot-de-4\/","title":{"rendered":"Mini chevalets rectangulaires avec socle en bois Securit Silhouette (lot de 4)"},"content":{"rendered":"<p>Mini ardoises pour inscrire des prix, noms, num\u00e9ros de table ou noms de r\u00e9servation. Lot comprenant \u00e9galement 4 pointes, 2 supports \u00e0 poser et 1 feutre craie. Des  pointes et supports suppl\u00e9mentaires sont disponibles s\u00e9par\u00e9ment.<br \/>Id\u00e9al pour les mini messages, les offres sp\u00e9ciales, etc. Retirez simplement l&rsquo;ardoise double face de sa base en bois laqu\u00e9, prenez votre feutre craie blanc Securit\u00ae Original inclus et inscrivez ce que vous souhaitez.Le message peut \u00eatre facilement supprim\u00e9 et mis \u00e0 jour \u00e0 tout moment. Facile \u00e0 nettoyer. Facile \u00e0 d\u00e9placer. Id\u00e9al pour les mini messages, les offres sp\u00e9ciales, etc. Retirez simplement l&rsquo;ardoise double face de sa base en bois laqu\u00e9, prenez votre feutre craie blanc Securit\u00ae Original inclus et inscrivez ce que vous souhaitez. .<br \/> Caract\u00e9ristiques :<br \/> Dimensions : 180(H) x 145(L) x 195(P) mm.<br \/> Mati\u00e8re : Bois et plastique.<br \/> Couleur : Noir.<\/p>\n","protected":false},"excerpt":{"rendered":"<p>Mini chevalets rectangulaires avec socle en bois Securit Silhouette (lot de 4)<\/p>\n","protected":false},"featured_media":105140,"comment_status":"closed","ping_status":"closed","template":"","meta":[],"product_brand":[],"product_cat":[1122,1297,1106],"product_tag":[],"class_list":{"0":"post-71011","1":"product","2":"type-product","3":"status-publish","4":"has-post-thumbnail","6":"product_cat-menus-et-signaletique","7":"product_cat-non-palettisable","8":"product_cat-restaurant-bar-et-hotel","9":"product_shipping_class-free-shipping","11":"first","12":"outofstock","13":"featured","14":"taxable","15":"shipping-taxable","16":"purchasable","17":"product-type-simple"},"_links":{"self":[{"href":"https:\/\/abinox-chr-clim.com\/index.php\/wp-json\/wp\/v2\/product\/71011","targetHints":{"allow":["GET"]}}],"collection":[{"href":"https:\/\/abinox-chr-clim.com\/index.php\/wp-json\/wp\/v2\/product"}],"about":[{"href":"https:\/\/abinox-chr-clim.com\/index.php\/wp-json\/wp\/v2\/types\/product"}],"replies":[{"embeddable":true,"href":"https:\/\/abinox-chr-clim.com\/index.php\/wp-json\/wp\/v2\/comments?post=71011"}],"wp:featuredmedia":[{"embeddable":true,"href":"https:\/\/abinox-chr-clim.com\/index.php\/wp-json\/wp\/v2\/media\/105140"}],"wp:attachment":[{"href":"https:\/\/abinox-chr-clim.com\/index.php\/wp-json\/wp\/v2\/media?parent=71011"}],"wp:term":[{"taxonomy":"product_brand","embeddable":true,"href":"https:\/\/abinox-chr-clim.com\/index.php\/wp-json\/wp\/v2\/product_brand?post=71011"},{"taxonomy":"product_cat","embeddable":true,"href":"https:\/\/abinox-chr-clim.com\/index.php\/wp-json\/wp\/v2\/product_cat?post=71011"},{"taxonomy":"product_tag","embeddable":true,"href":"https:\/\/abinox-chr-clim.com\/index.php\/wp-json\/wp\/v2\/product_tag?post=71011"}],"curies":[{"name":"wp","href":"https:\/\/api.w.org\/{rel}","templated":true}]}}