{"id":71010,"date":"2024-03-22T19:39:00","date_gmt":"2024-03-22T18:39:00","guid":{"rendered":"https:\/\/abinox-chr-clim.com\/index.php\/product\/chevalet-de-table-avec-poignee-securit-wenge-xl\/"},"modified":"2026-04-15T10:21:32","modified_gmt":"2026-04-15T08:21:32","slug":"chevalet-de-table-avec-poignee-securit-wenge-xl","status":"publish","type":"product","link":"https:\/\/abinox-chr-clim.com\/index.php\/product\/chevalet-de-table-avec-poignee-securit-wenge-xl\/","title":{"rendered":"Chevalet de table avec poign\u00e9e Securit weng\u00e9 XL"},"content":{"rendered":"<p>Le chevalet a un socle en bois de h\u00eatre laqu\u00e9 weng\u00e9. Moyen id\u00e9al pour promouvoir un menu, une offre sp\u00e9ciale ou un \u00e9v\u00e9nement. Ardoise double face XL amovible.<br \/>Contrairement \u00e0 un porte menu votre message est imm\u00e9diatement visible sans manipulation.Le chevalet a un socle en bois de h\u00eatre laqu\u00e9 weng\u00e9 et peut \u00eatre utilis\u00e9e \u00e0 l&rsquo;int\u00e9rieur et \u00e0 l&rsquo;ext\u00e9rieur.Un moyen id\u00e9al pour promouvoir un menu, une offre sp\u00e9ciale ou un \u00e9v\u00e9nement.Tirez le meilleur parti de votre chevalet en utilisant les deux c\u00f4t\u00e9s. Contrairement \u00e0 un porte menu votre message est imm\u00e9diatement visible sans manipulation. .<br \/> Caract\u00e9ristiques :<br \/> Dimensions : 0(H) x 0(L) x 0(P) mm.<br \/> Mati\u00e8re : Bois.<br \/> Couleur : Marron fonc\u00e9.<\/p>\n","protected":false},"excerpt":{"rendered":"<p>Chevalet de table avec poign\u00e9e Securit weng\u00e9 XL<\/p>\n","protected":false},"featured_media":105139,"comment_status":"closed","ping_status":"closed","template":"","meta":[],"product_brand":[],"product_cat":[1122,1297,1106],"product_tag":[],"class_list":{"0":"post-71010","1":"product","2":"type-product","3":"status-publish","4":"has-post-thumbnail","6":"product_cat-menus-et-signaletique","7":"product_cat-non-palettisable","8":"product_cat-restaurant-bar-et-hotel","9":"product_shipping_class-free-shipping","11":"first","12":"instock","13":"featured","14":"taxable","15":"shipping-taxable","16":"purchasable","17":"product-type-simple"},"_links":{"self":[{"href":"https:\/\/abinox-chr-clim.com\/index.php\/wp-json\/wp\/v2\/product\/71010","targetHints":{"allow":["GET"]}}],"collection":[{"href":"https:\/\/abinox-chr-clim.com\/index.php\/wp-json\/wp\/v2\/product"}],"about":[{"href":"https:\/\/abinox-chr-clim.com\/index.php\/wp-json\/wp\/v2\/types\/product"}],"replies":[{"embeddable":true,"href":"https:\/\/abinox-chr-clim.com\/index.php\/wp-json\/wp\/v2\/comments?post=71010"}],"wp:featuredmedia":[{"embeddable":true,"href":"https:\/\/abinox-chr-clim.com\/index.php\/wp-json\/wp\/v2\/media\/105139"}],"wp:attachment":[{"href":"https:\/\/abinox-chr-clim.com\/index.php\/wp-json\/wp\/v2\/media?parent=71010"}],"wp:term":[{"taxonomy":"product_brand","embeddable":true,"href":"https:\/\/abinox-chr-clim.com\/index.php\/wp-json\/wp\/v2\/product_brand?post=71010"},{"taxonomy":"product_cat","embeddable":true,"href":"https:\/\/abinox-chr-clim.com\/index.php\/wp-json\/wp\/v2\/product_cat?post=71010"},{"taxonomy":"product_tag","embeddable":true,"href":"https:\/\/abinox-chr-clim.com\/index.php\/wp-json\/wp\/v2\/product_tag?post=71010"}],"curies":[{"name":"wp","href":"https:\/\/api.w.org\/{rel}","templated":true}]}}