{"id":71007,"date":"2024-03-22T19:38:59","date_gmt":"2024-03-22T18:38:59","guid":{"rendered":"https:\/\/abinox-chr-clim.com\/index.php\/product\/grand-chevalet-de-table-securit-elegant-bois-laque-noir\/"},"modified":"2026-04-15T10:21:31","modified_gmt":"2026-04-15T08:21:31","slug":"grand-chevalet-de-table-securit-elegant-bois-laque-noir","status":"publish","type":"product","link":"https:\/\/abinox-chr-clim.com\/index.php\/product\/grand-chevalet-de-table-securit-elegant-bois-laque-noir\/","title":{"rendered":"Grand chevalet de table Securit Elegant bois laqu\u00e9 noir"},"content":{"rendered":"<p>Le chevalet a une base en bois de h\u00eatre laqu\u00e9 de couleur noire et peut \u00eatre utilis\u00e9 \u00e0 l&rsquo;int\u00e9rieur et \u00e0 l&rsquo;ext\u00e9rieur.Parfait si vous souhaitez modifier les messages tout au long de la journ\u00e9e.Un moyen id\u00e9al pour promouvoir un menu, une offre sp\u00e9ciale ou un \u00e9v\u00e9nement.Tirez le meilleur parti de votre chevalet en utilisant les deux c\u00f4t\u00e9s. Le chevalet a une base en bois de h\u00eatre laqu\u00e9 de couleur noire et peut \u00eatre utilis\u00e9 \u00e0 l&rsquo;int\u00e9rieur et \u00e0 l&rsquo;ext\u00e9rieur. .<br \/> Caract\u00e9ristiques :<br \/> Dimensions : 0(H) x 0(L) x 0(P) mm.<br \/> Mati\u00e8re : Bois et plastique.<br \/> Couleur : Noir.<\/p>\n","protected":false},"excerpt":{"rendered":"<p>Grand chevalet de table Securit Elegant bois laqu\u00e9 noir<\/p>\n","protected":false},"featured_media":105136,"comment_status":"closed","ping_status":"closed","template":"","meta":[],"product_brand":[],"product_cat":[1122,1297,1106],"product_tag":[],"class_list":{"0":"post-71007","1":"product","2":"type-product","3":"status-publish","4":"has-post-thumbnail","6":"product_cat-menus-et-signaletique","7":"product_cat-non-palettisable","8":"product_cat-restaurant-bar-et-hotel","9":"product_shipping_class-free-shipping","11":"first","12":"instock","13":"featured","14":"taxable","15":"shipping-taxable","16":"purchasable","17":"product-type-simple"},"_links":{"self":[{"href":"https:\/\/abinox-chr-clim.com\/index.php\/wp-json\/wp\/v2\/product\/71007","targetHints":{"allow":["GET"]}}],"collection":[{"href":"https:\/\/abinox-chr-clim.com\/index.php\/wp-json\/wp\/v2\/product"}],"about":[{"href":"https:\/\/abinox-chr-clim.com\/index.php\/wp-json\/wp\/v2\/types\/product"}],"replies":[{"embeddable":true,"href":"https:\/\/abinox-chr-clim.com\/index.php\/wp-json\/wp\/v2\/comments?post=71007"}],"wp:featuredmedia":[{"embeddable":true,"href":"https:\/\/abinox-chr-clim.com\/index.php\/wp-json\/wp\/v2\/media\/105136"}],"wp:attachment":[{"href":"https:\/\/abinox-chr-clim.com\/index.php\/wp-json\/wp\/v2\/media?parent=71007"}],"wp:term":[{"taxonomy":"product_brand","embeddable":true,"href":"https:\/\/abinox-chr-clim.com\/index.php\/wp-json\/wp\/v2\/product_brand?post=71007"},{"taxonomy":"product_cat","embeddable":true,"href":"https:\/\/abinox-chr-clim.com\/index.php\/wp-json\/wp\/v2\/product_cat?post=71007"},{"taxonomy":"product_tag","embeddable":true,"href":"https:\/\/abinox-chr-clim.com\/index.php\/wp-json\/wp\/v2\/product_tag?post=71007"}],"curies":[{"name":"wp","href":"https:\/\/api.w.org\/{rel}","templated":true}]}}