{"id":70993,"date":"2024-03-22T19:38:54","date_gmt":"2024-03-22T18:38:54","guid":{"rendered":"https:\/\/abinox-chr-clim.com\/index.php\/product\/plateau-de-presentation-refrigere-et-couvercle-aps\/"},"modified":"2026-04-15T09:18:37","modified_gmt":"2026-04-15T07:18:37","slug":"plateau-de-presentation-refrigere-et-couvercle-aps","status":"publish","type":"product","link":"https:\/\/abinox-chr-clim.com\/index.php\/product\/plateau-de-presentation-refrigere-et-couvercle-aps\/","title":{"rendered":"Plateau de pr\u00e9sentation r\u00e9frig\u00e9r\u00e9 et couvercle APS"},"content":{"rendered":"<p>Ensemble de 5 \u00e9l\u00e9ments : 1 plateau sup\u00e9rieur inox, 1 plateau inf\u00e9rieur en plastique, un couvercle avec poign\u00e9e et 2 \u00e9l\u00e9ments r\u00e9frig\u00e9rants. 140 (H) x 430(L) x 290(P)mm.<br \/>Deux blocs r\u00e9frig\u00e9rants sous le plateau gardent votre nourriture froide pendant qu&rsquo;elle est expos\u00e9e.Les rebords plus larges de chaque c\u00f4t\u00e9 permettent de transporter facilement le plateau jusqu&rsquo;\u00e0 la table. Comprend un plateau en plastique et un plateau en acier inoxydable pour contenir toutes sortes d&rsquo;aliments. Le couvercle en plastique transparent prot\u00e8ge les aliments tout en assurant une visibilit\u00e9 maximale. La poign\u00e9e centrale permet de soulever facilement le couvercle pour prendre ou remplacer des aliments.Deux blocs r\u00e9frig\u00e9rants sous le plateau gardent votre nourriture froide pendant qu&rsquo;elle est expos\u00e9e.<\/p>\n<p>Caract\u00e9ristiques :<br \/> Dimensions : 140(H) x 430(L) x 290(P)mm.<br \/> Mati\u00e8re : Plateau acier inoxydable et plateau plastique.<br \/> Couleur : Transparent.<\/p>\n","protected":false},"excerpt":{"rendered":"<p>Plateau de pr\u00e9sentation r\u00e9frig\u00e9r\u00e9 et couvercle APS<\/p>\n","protected":false},"featured_media":98396,"comment_status":"closed","ping_status":"closed","template":"","meta":[],"product_brand":[],"product_cat":[1114,1297,1119,1106],"product_tag":[],"class_list":{"0":"post-70993","1":"product","2":"type-product","3":"status-publish","4":"has-post-thumbnail","6":"product_cat-buffet","7":"product_cat-non-palettisable","8":"product_cat-presentation-buffet","9":"product_cat-restaurant-bar-et-hotel","10":"product_shipping_class-free-shipping","12":"first","13":"outofstock","14":"featured","15":"taxable","16":"shipping-taxable","17":"purchasable","18":"product-type-simple"},"_links":{"self":[{"href":"https:\/\/abinox-chr-clim.com\/index.php\/wp-json\/wp\/v2\/product\/70993","targetHints":{"allow":["GET"]}}],"collection":[{"href":"https:\/\/abinox-chr-clim.com\/index.php\/wp-json\/wp\/v2\/product"}],"about":[{"href":"https:\/\/abinox-chr-clim.com\/index.php\/wp-json\/wp\/v2\/types\/product"}],"replies":[{"embeddable":true,"href":"https:\/\/abinox-chr-clim.com\/index.php\/wp-json\/wp\/v2\/comments?post=70993"}],"wp:featuredmedia":[{"embeddable":true,"href":"https:\/\/abinox-chr-clim.com\/index.php\/wp-json\/wp\/v2\/media\/98396"}],"wp:attachment":[{"href":"https:\/\/abinox-chr-clim.com\/index.php\/wp-json\/wp\/v2\/media?parent=70993"}],"wp:term":[{"taxonomy":"product_brand","embeddable":true,"href":"https:\/\/abinox-chr-clim.com\/index.php\/wp-json\/wp\/v2\/product_brand?post=70993"},{"taxonomy":"product_cat","embeddable":true,"href":"https:\/\/abinox-chr-clim.com\/index.php\/wp-json\/wp\/v2\/product_cat?post=70993"},{"taxonomy":"product_tag","embeddable":true,"href":"https:\/\/abinox-chr-clim.com\/index.php\/wp-json\/wp\/v2\/product_tag?post=70993"}],"curies":[{"name":"wp","href":"https:\/\/api.w.org\/{rel}","templated":true}]}}