{"id":70983,"date":"2024-03-22T19:38:51","date_gmt":"2024-03-22T18:38:51","guid":{"rendered":"https:\/\/abinox-chr-clim.com\/index.php\/product\/plateau-de-service-rectangulaire-inox-aps-420-x-310mm\/"},"modified":"2026-04-15T09:14:18","modified_gmt":"2026-04-15T07:14:18","slug":"plateau-de-service-rectangulaire-inox-aps-420-x-310mm","status":"publish","type":"product","link":"https:\/\/abinox-chr-clim.com\/index.php\/product\/plateau-de-service-rectangulaire-inox-aps-420-x-310mm\/","title":{"rendered":"Plateau de service rectangulaire inox APS 420 x 310mm"},"content":{"rendered":"<p>D\u00e9cors \u00e9l\u00e9gants sur les bords. Finition polie. Construction robuste en acier inoxydable. Facile \u00e0 nettoyer. Parfait pour servir des canap\u00e9s et petits fours. Les bords sur\u00e9lev\u00e9s emp\u00eachent les aliments de glisser.Vendu \u00e0 l&rsquo;unit\u00e9. D\u00e9cors \u00e9l\u00e9gants sur les bords.<\/p>\n<p>Caract\u00e9ristiques :<br \/> Dimensions : 15(H) x 420(L) x 310(P) mm.<br \/> Mati\u00e8re : Inox<\/p>\n","protected":false},"excerpt":{"rendered":"<p>Plateau de service rectangulaire inox APS 420 x 310mm<\/p>\n","protected":false},"featured_media":100240,"comment_status":"closed","ping_status":"closed","template":"","meta":[],"product_brand":[],"product_cat":[1114,1297,1119,1106],"product_tag":[],"class_list":{"0":"post-70983","1":"product","2":"type-product","3":"status-publish","4":"has-post-thumbnail","6":"product_cat-buffet","7":"product_cat-non-palettisable","8":"product_cat-presentation-buffet","9":"product_cat-restaurant-bar-et-hotel","10":"product_shipping_class-free-shipping","12":"first","13":"instock","14":"featured","15":"taxable","16":"shipping-taxable","17":"purchasable","18":"product-type-simple"},"_links":{"self":[{"href":"https:\/\/abinox-chr-clim.com\/index.php\/wp-json\/wp\/v2\/product\/70983","targetHints":{"allow":["GET"]}}],"collection":[{"href":"https:\/\/abinox-chr-clim.com\/index.php\/wp-json\/wp\/v2\/product"}],"about":[{"href":"https:\/\/abinox-chr-clim.com\/index.php\/wp-json\/wp\/v2\/types\/product"}],"replies":[{"embeddable":true,"href":"https:\/\/abinox-chr-clim.com\/index.php\/wp-json\/wp\/v2\/comments?post=70983"}],"wp:featuredmedia":[{"embeddable":true,"href":"https:\/\/abinox-chr-clim.com\/index.php\/wp-json\/wp\/v2\/media\/100240"}],"wp:attachment":[{"href":"https:\/\/abinox-chr-clim.com\/index.php\/wp-json\/wp\/v2\/media?parent=70983"}],"wp:term":[{"taxonomy":"product_brand","embeddable":true,"href":"https:\/\/abinox-chr-clim.com\/index.php\/wp-json\/wp\/v2\/product_brand?post=70983"},{"taxonomy":"product_cat","embeddable":true,"href":"https:\/\/abinox-chr-clim.com\/index.php\/wp-json\/wp\/v2\/product_cat?post=70983"},{"taxonomy":"product_tag","embeddable":true,"href":"https:\/\/abinox-chr-clim.com\/index.php\/wp-json\/wp\/v2\/product_tag?post=70983"}],"curies":[{"name":"wp","href":"https:\/\/api.w.org\/{rel}","templated":true}]}}