{"id":70981,"date":"2024-03-22T19:38:47","date_gmt":"2024-03-22T18:38:47","guid":{"rendered":"https:\/\/abinox-chr-clim.com\/index.php\/product\/couvercle-transparent-en-san-avec-encoche-pour-saladiers-dalebrook-11kg\/"},"modified":"2026-04-15T09:11:48","modified_gmt":"2026-04-15T07:11:48","slug":"couvercle-transparent-en-san-avec-encoche-pour-saladiers-dalebrook-11kg","status":"publish","type":"product","link":"https:\/\/abinox-chr-clim.com\/index.php\/product\/couvercle-transparent-en-san-avec-encoche-pour-saladiers-dalebrook-11kg\/","title":{"rendered":"Couvercle transparent en SAN avec encoche pour saladiers Dalebrook 1,1kg"},"content":{"rendered":"<p>R\u00e9siste \u00e0 des temp\u00e9ratures comprises entre -20\u00b0C et 90\u00b0C. R\u00e9siste \u00e0 des temp\u00e9ratures comprises entre -20\u00b0C et 90\u00b0C. .<br \/> Caract\u00e9ristiques :<br \/> Capacit\u00e9 : 1,1kg.<br \/> Dimensions : 75(H) x 165(L) x 130(P) mm.<br \/> Mati\u00e8re : SAN.<br \/> Temp\u00e9rature : -20\u00b0C \u00e0 +90\u00b0C.<br \/> Couleur : Transparent.<\/p>\n","protected":false},"excerpt":{"rendered":"<p>Couvercle transparent en SAN avec encoche pour saladiers Dalebrook 1,1kg<\/p>\n","protected":false},"featured_media":103488,"comment_status":"closed","ping_status":"closed","template":"","meta":[],"product_brand":[],"product_cat":[1114,1297,1119,1106],"product_tag":[],"class_list":{"0":"post-70981","1":"product","2":"type-product","3":"status-publish","4":"has-post-thumbnail","6":"product_cat-buffet","7":"product_cat-non-palettisable","8":"product_cat-presentation-buffet","9":"product_cat-restaurant-bar-et-hotel","10":"product_shipping_class-free-shipping","12":"first","13":"instock","14":"featured","15":"taxable","16":"shipping-taxable","17":"purchasable","18":"product-type-simple"},"_links":{"self":[{"href":"https:\/\/abinox-chr-clim.com\/index.php\/wp-json\/wp\/v2\/product\/70981","targetHints":{"allow":["GET"]}}],"collection":[{"href":"https:\/\/abinox-chr-clim.com\/index.php\/wp-json\/wp\/v2\/product"}],"about":[{"href":"https:\/\/abinox-chr-clim.com\/index.php\/wp-json\/wp\/v2\/types\/product"}],"replies":[{"embeddable":true,"href":"https:\/\/abinox-chr-clim.com\/index.php\/wp-json\/wp\/v2\/comments?post=70981"}],"wp:featuredmedia":[{"embeddable":true,"href":"https:\/\/abinox-chr-clim.com\/index.php\/wp-json\/wp\/v2\/media\/103488"}],"wp:attachment":[{"href":"https:\/\/abinox-chr-clim.com\/index.php\/wp-json\/wp\/v2\/media?parent=70981"}],"wp:term":[{"taxonomy":"product_brand","embeddable":true,"href":"https:\/\/abinox-chr-clim.com\/index.php\/wp-json\/wp\/v2\/product_brand?post=70981"},{"taxonomy":"product_cat","embeddable":true,"href":"https:\/\/abinox-chr-clim.com\/index.php\/wp-json\/wp\/v2\/product_cat?post=70981"},{"taxonomy":"product_tag","embeddable":true,"href":"https:\/\/abinox-chr-clim.com\/index.php\/wp-json\/wp\/v2\/product_tag?post=70981"}],"curies":[{"name":"wp","href":"https:\/\/api.w.org\/{rel}","templated":true}]}}