{"id":70980,"date":"2024-03-22T19:38:47","date_gmt":"2024-03-22T18:38:47","guid":{"rendered":"https:\/\/abinox-chr-clim.com\/index.php\/product\/corbeille-ovale-en-bois-grand-modele\/"},"modified":"2026-04-15T09:11:41","modified_gmt":"2026-04-15T07:11:41","slug":"corbeille-ovale-en-bois-grand-modele","status":"publish","type":"product","link":"https:\/\/abinox-chr-clim.com\/index.php\/product\/corbeille-ovale-en-bois-grand-modele\/","title":{"rendered":"Corbeille ovale en bois grand mod\u00e8le"},"content":{"rendered":"<p>Id\u00e9ales pour le service du pain ou des fruits.<br \/>R\u00e9sistant et durable. Id\u00e9al pour la pr\u00e9sentation. Non compatible lave-vaisselle. Motif attrayant. Mod\u00e8le de taille inf\u00e9rieure \u00e9galement disponible (L092).  R\u00e9sistant et durable.<\/p>\n<p>Caract\u00e9ristiques :<br \/> Dimensions : 305(L) x 229(P) mm.<br \/> Mati\u00e8re : Bois.<br \/> Couleur : Marron.<\/p>\n","protected":false},"excerpt":{"rendered":"<p>Corbeille ovale en bois grand mod\u00e8le<\/p>\n","protected":false},"featured_media":104683,"comment_status":"closed","ping_status":"closed","template":"","meta":[],"product_brand":[],"product_cat":[1114,1297,1119,1106],"product_tag":[],"class_list":{"0":"post-70980","1":"product","2":"type-product","3":"status-publish","4":"has-post-thumbnail","6":"product_cat-buffet","7":"product_cat-non-palettisable","8":"product_cat-presentation-buffet","9":"product_cat-restaurant-bar-et-hotel","10":"product_shipping_class-free-shipping","12":"first","13":"instock","14":"featured","15":"taxable","16":"shipping-taxable","17":"purchasable","18":"product-type-simple"},"_links":{"self":[{"href":"https:\/\/abinox-chr-clim.com\/index.php\/wp-json\/wp\/v2\/product\/70980","targetHints":{"allow":["GET"]}}],"collection":[{"href":"https:\/\/abinox-chr-clim.com\/index.php\/wp-json\/wp\/v2\/product"}],"about":[{"href":"https:\/\/abinox-chr-clim.com\/index.php\/wp-json\/wp\/v2\/types\/product"}],"replies":[{"embeddable":true,"href":"https:\/\/abinox-chr-clim.com\/index.php\/wp-json\/wp\/v2\/comments?post=70980"}],"wp:featuredmedia":[{"embeddable":true,"href":"https:\/\/abinox-chr-clim.com\/index.php\/wp-json\/wp\/v2\/media\/104683"}],"wp:attachment":[{"href":"https:\/\/abinox-chr-clim.com\/index.php\/wp-json\/wp\/v2\/media?parent=70980"}],"wp:term":[{"taxonomy":"product_brand","embeddable":true,"href":"https:\/\/abinox-chr-clim.com\/index.php\/wp-json\/wp\/v2\/product_brand?post=70980"},{"taxonomy":"product_cat","embeddable":true,"href":"https:\/\/abinox-chr-clim.com\/index.php\/wp-json\/wp\/v2\/product_cat?post=70980"},{"taxonomy":"product_tag","embeddable":true,"href":"https:\/\/abinox-chr-clim.com\/index.php\/wp-json\/wp\/v2\/product_tag?post=70980"}],"curies":[{"name":"wp","href":"https:\/\/api.w.org\/{rel}","templated":true}]}}