{"id":70975,"date":"2024-03-22T19:38:45","date_gmt":"2024-03-22T18:38:45","guid":{"rendered":"https:\/\/abinox-chr-clim.com\/index.php\/product\/plat-de-service-ovale-olympia-450mm\/"},"modified":"2026-04-15T09:08:33","modified_gmt":"2026-04-15T07:08:33","slug":"plat-de-service-ovale-olympia-450mm","status":"publish","type":"product","link":"https:\/\/abinox-chr-clim.com\/index.php\/product\/plat-de-service-ovale-olympia-450mm\/","title":{"rendered":"Plat de service ovale Olympia 450mm"},"content":{"rendered":"<p>Le design en acier inoxydable poli mettra en valeur la pr\u00e9sentation de vos plats. Un large rebord sur\u00e9lev\u00e9 emp\u00eache la nourriture ou les boissons de tomber. Sa l\u00e9g\u00e8ret\u00e9 permet de l&rsquo;\u00e9quilibrer et de le transporter facilement. La grande surface vous donne beaucoup de place pour les entr\u00e9es, les desserts et les boissons. Le mat\u00e9riau durable en acier inoxydable garantit une longue dur\u00e9e de vie. Le plat passe au lave-vaisselle pour un nettoyage facile. Les plats peuvent \u00eatre empil\u00e9s pour un rangement peu encombrant. Vendu \u00e0 l&rsquo;unit\u00e9.Le design en acier inoxydable poli mettra en valeur la pr\u00e9sentation de vos plats.<\/p>\n<p>Caract\u00e9ristiques :<br \/> Dimensions : 450(L) x 305(P)mm.<br \/> Mati\u00e8re : Inox<\/p>\n","protected":false},"excerpt":{"rendered":"<p>Plat de service ovale Olympia 450mm<\/p>\n","protected":false},"featured_media":104459,"comment_status":"closed","ping_status":"closed","template":"","meta":[],"product_brand":[],"product_cat":[1114,1297,1119,1106],"product_tag":[],"class_list":{"0":"post-70975","1":"product","2":"type-product","3":"status-publish","4":"has-post-thumbnail","6":"product_cat-buffet","7":"product_cat-non-palettisable","8":"product_cat-presentation-buffet","9":"product_cat-restaurant-bar-et-hotel","10":"product_shipping_class-free-shipping","12":"first","13":"instock","14":"featured","15":"taxable","16":"shipping-taxable","17":"purchasable","18":"product-type-simple"},"_links":{"self":[{"href":"https:\/\/abinox-chr-clim.com\/index.php\/wp-json\/wp\/v2\/product\/70975","targetHints":{"allow":["GET"]}}],"collection":[{"href":"https:\/\/abinox-chr-clim.com\/index.php\/wp-json\/wp\/v2\/product"}],"about":[{"href":"https:\/\/abinox-chr-clim.com\/index.php\/wp-json\/wp\/v2\/types\/product"}],"replies":[{"embeddable":true,"href":"https:\/\/abinox-chr-clim.com\/index.php\/wp-json\/wp\/v2\/comments?post=70975"}],"wp:featuredmedia":[{"embeddable":true,"href":"https:\/\/abinox-chr-clim.com\/index.php\/wp-json\/wp\/v2\/media\/104459"}],"wp:attachment":[{"href":"https:\/\/abinox-chr-clim.com\/index.php\/wp-json\/wp\/v2\/media?parent=70975"}],"wp:term":[{"taxonomy":"product_brand","embeddable":true,"href":"https:\/\/abinox-chr-clim.com\/index.php\/wp-json\/wp\/v2\/product_brand?post=70975"},{"taxonomy":"product_cat","embeddable":true,"href":"https:\/\/abinox-chr-clim.com\/index.php\/wp-json\/wp\/v2\/product_cat?post=70975"},{"taxonomy":"product_tag","embeddable":true,"href":"https:\/\/abinox-chr-clim.com\/index.php\/wp-json\/wp\/v2\/product_tag?post=70975"}],"curies":[{"name":"wp","href":"https:\/\/api.w.org\/{rel}","templated":true}]}}