{"id":70965,"date":"2024-03-22T19:38:41","date_gmt":"2024-03-22T18:38:41","guid":{"rendered":"https:\/\/abinox-chr-clim.com\/index.php\/product\/saladier-incurve-olympia-kristallon-gn1-4-blanc\/"},"modified":"2026-04-15T09:38:02","modified_gmt":"2026-04-15T07:38:02","slug":"saladier-incurve-olympia-kristallon-gn1-4-blanc","status":"publish","type":"product","link":"https:\/\/abinox-chr-clim.com\/index.php\/product\/saladier-incurve-olympia-kristallon-gn1-4-blanc\/","title":{"rendered":"Saladier incurv\u00e9 Olympia Kristallon GN1\/4 blanc"},"content":{"rendered":"<p>Saladiers en m\u00e9lamine aux formes incurv\u00e9es extr\u00eamement solides et r\u00e9sistants aux taches. Compatibles lave-vaisselle.<\/p>\n<p>Caract\u00e9ristiques :<br \/> Dimensions : 100(H) x 265(L) x 163(P) mm.<br \/> Mati\u00e8re : M\u00e9lamine.<br \/> Temp\u00e9rature : -20 \u00b0C \u00e0 120 \u00b0C.<br \/> Couleur : Blanc.<\/p>\n","protected":false},"excerpt":{"rendered":"<p>Saladier incurv\u00e9 Olympia Kristallon GN1\/4 blanc<\/p>\n","protected":false},"featured_media":102204,"comment_status":"closed","ping_status":"closed","template":"","meta":[],"product_brand":[],"product_cat":[1114,1297,1119,1106],"product_tag":[],"class_list":{"0":"post-70965","1":"product","2":"type-product","3":"status-publish","4":"has-post-thumbnail","6":"product_cat-buffet","7":"product_cat-non-palettisable","8":"product_cat-presentation-buffet","9":"product_cat-restaurant-bar-et-hotel","10":"product_shipping_class-free-shipping","12":"first","13":"outofstock","14":"featured","15":"taxable","16":"shipping-taxable","17":"purchasable","18":"product-type-simple"},"_links":{"self":[{"href":"https:\/\/abinox-chr-clim.com\/index.php\/wp-json\/wp\/v2\/product\/70965","targetHints":{"allow":["GET"]}}],"collection":[{"href":"https:\/\/abinox-chr-clim.com\/index.php\/wp-json\/wp\/v2\/product"}],"about":[{"href":"https:\/\/abinox-chr-clim.com\/index.php\/wp-json\/wp\/v2\/types\/product"}],"replies":[{"embeddable":true,"href":"https:\/\/abinox-chr-clim.com\/index.php\/wp-json\/wp\/v2\/comments?post=70965"}],"wp:featuredmedia":[{"embeddable":true,"href":"https:\/\/abinox-chr-clim.com\/index.php\/wp-json\/wp\/v2\/media\/102204"}],"wp:attachment":[{"href":"https:\/\/abinox-chr-clim.com\/index.php\/wp-json\/wp\/v2\/media?parent=70965"}],"wp:term":[{"taxonomy":"product_brand","embeddable":true,"href":"https:\/\/abinox-chr-clim.com\/index.php\/wp-json\/wp\/v2\/product_brand?post=70965"},{"taxonomy":"product_cat","embeddable":true,"href":"https:\/\/abinox-chr-clim.com\/index.php\/wp-json\/wp\/v2\/product_cat?post=70965"},{"taxonomy":"product_tag","embeddable":true,"href":"https:\/\/abinox-chr-clim.com\/index.php\/wp-json\/wp\/v2\/product_tag?post=70965"}],"curies":[{"name":"wp","href":"https:\/\/api.w.org\/{rel}","templated":true}]}}