{"id":70963,"date":"2024-03-22T19:38:41","date_gmt":"2024-03-22T18:38:41","guid":{"rendered":"https:\/\/abinox-chr-clim.com\/index.php\/product\/mini-ardoises-pinces-olympia-lot-de-6\/"},"modified":"2026-03-10T11:04:10","modified_gmt":"2026-03-10T10:04:10","slug":"mini-ardoises-pinces-olympia-lot-de-6","status":"publish","type":"product","link":"https:\/\/abinox-chr-clim.com\/index.php\/product\/mini-ardoises-pinces-olympia-lot-de-6\/","title":{"rendered":"Mini ardoises pinces Olympia (lot de 6)"},"content":{"rendered":"<p>M\u00e9thode d&rsquo;identification classique. Service de comptoir ou buffet. S&rsquo;accroche facilement aux bols, pots, planches, etc. Nettoyer avant r\u00e9utilisation avec le nettoyant pour tableau Securit (Y994). Ardoises durables en m\u00e9lamine.  M\u00e9thode d&rsquo;identification classique.<\/p>\n<p>Caract\u00e9ristiques :<br \/>Lot : 6.<br \/> Dimensions : 75(H) x 80(L) x 26(P)mm.<br \/> Mati\u00e8re : Bois<\/p>\n","protected":false},"excerpt":{"rendered":"<p>Mini ardoises pinces Olympia (lot de 6)<\/p>\n","protected":false},"featured_media":102187,"comment_status":"closed","ping_status":"closed","template":"","meta":[],"product_brand":[],"product_cat":[1114,1297,1119,1106],"product_tag":[],"class_list":{"0":"post-70963","1":"product","2":"type-product","3":"status-publish","4":"has-post-thumbnail","6":"product_cat-buffet","7":"product_cat-non-palettisable","8":"product_cat-presentation-buffet","9":"product_cat-restaurant-bar-et-hotel","10":"product_shipping_class-free-shipping","12":"first","13":"outofstock","14":"featured","15":"taxable","16":"shipping-taxable","17":"purchasable","18":"product-type-simple"},"_links":{"self":[{"href":"https:\/\/abinox-chr-clim.com\/index.php\/wp-json\/wp\/v2\/product\/70963","targetHints":{"allow":["GET"]}}],"collection":[{"href":"https:\/\/abinox-chr-clim.com\/index.php\/wp-json\/wp\/v2\/product"}],"about":[{"href":"https:\/\/abinox-chr-clim.com\/index.php\/wp-json\/wp\/v2\/types\/product"}],"replies":[{"embeddable":true,"href":"https:\/\/abinox-chr-clim.com\/index.php\/wp-json\/wp\/v2\/comments?post=70963"}],"wp:featuredmedia":[{"embeddable":true,"href":"https:\/\/abinox-chr-clim.com\/index.php\/wp-json\/wp\/v2\/media\/102187"}],"wp:attachment":[{"href":"https:\/\/abinox-chr-clim.com\/index.php\/wp-json\/wp\/v2\/media?parent=70963"}],"wp:term":[{"taxonomy":"product_brand","embeddable":true,"href":"https:\/\/abinox-chr-clim.com\/index.php\/wp-json\/wp\/v2\/product_brand?post=70963"},{"taxonomy":"product_cat","embeddable":true,"href":"https:\/\/abinox-chr-clim.com\/index.php\/wp-json\/wp\/v2\/product_cat?post=70963"},{"taxonomy":"product_tag","embeddable":true,"href":"https:\/\/abinox-chr-clim.com\/index.php\/wp-json\/wp\/v2\/product_tag?post=70963"}],"curies":[{"name":"wp","href":"https:\/\/api.w.org\/{rel}","templated":true}]}}