{"id":70962,"date":"2024-03-22T19:38:40","date_gmt":"2024-03-22T18:38:40","guid":{"rendered":"https:\/\/abinox-chr-clim.com\/index.php\/product\/panier-de-presentation-inox-olympia-450-x-300-x-100mm\/"},"modified":"2026-04-15T09:34:24","modified_gmt":"2026-04-15T07:34:24","slug":"panier-de-presentation-inox-olympia-450-x-300-x-100mm","status":"publish","type":"product","link":"https:\/\/abinox-chr-clim.com\/index.php\/product\/panier-de-presentation-inox-olympia-450-x-300-x-100mm\/","title":{"rendered":"Panier de pr\u00e9sentation inox Olympia 450 x 300 x 100mm"},"content":{"rendered":"<p>Paniers en acier inoxydable pour les buffets ou la pr\u00e9sentation des aliments sur les comptoirs. Diff\u00e9rentes tailles peuvent \u00eatre utilis\u00e9es conjointement pour cr\u00e9er une pr\u00e9sentation personnalis\u00e9e.<br \/>Modulable. Hautement poli. Ne conserve pas les miettes. Compatible lave-vaisselle. Modulable.<\/p>\n<p>Caract\u00e9ristiques :<br \/> Dimensions : 100(H) x 300(L) x 450(P) mm.<br \/> Mati\u00e8re : Acier inoxydable.<br \/> Couleur : Acier inoxydable.<\/p>\n","protected":false},"excerpt":{"rendered":"<p>Panier de pr\u00e9sentation inox Olympia 450 x 300 x 100mm<\/p>\n","protected":false},"featured_media":102179,"comment_status":"closed","ping_status":"closed","template":"","meta":[],"product_brand":[],"product_cat":[1114,1297,1119,1106],"product_tag":[],"class_list":{"0":"post-70962","1":"product","2":"type-product","3":"status-publish","4":"has-post-thumbnail","6":"product_cat-buffet","7":"product_cat-non-palettisable","8":"product_cat-presentation-buffet","9":"product_cat-restaurant-bar-et-hotel","10":"product_shipping_class-free-shipping","12":"first","13":"instock","14":"featured","15":"taxable","16":"shipping-taxable","17":"purchasable","18":"product-type-simple"},"_links":{"self":[{"href":"https:\/\/abinox-chr-clim.com\/index.php\/wp-json\/wp\/v2\/product\/70962","targetHints":{"allow":["GET"]}}],"collection":[{"href":"https:\/\/abinox-chr-clim.com\/index.php\/wp-json\/wp\/v2\/product"}],"about":[{"href":"https:\/\/abinox-chr-clim.com\/index.php\/wp-json\/wp\/v2\/types\/product"}],"replies":[{"embeddable":true,"href":"https:\/\/abinox-chr-clim.com\/index.php\/wp-json\/wp\/v2\/comments?post=70962"}],"wp:featuredmedia":[{"embeddable":true,"href":"https:\/\/abinox-chr-clim.com\/index.php\/wp-json\/wp\/v2\/media\/102179"}],"wp:attachment":[{"href":"https:\/\/abinox-chr-clim.com\/index.php\/wp-json\/wp\/v2\/media?parent=70962"}],"wp:term":[{"taxonomy":"product_brand","embeddable":true,"href":"https:\/\/abinox-chr-clim.com\/index.php\/wp-json\/wp\/v2\/product_brand?post=70962"},{"taxonomy":"product_cat","embeddable":true,"href":"https:\/\/abinox-chr-clim.com\/index.php\/wp-json\/wp\/v2\/product_cat?post=70962"},{"taxonomy":"product_tag","embeddable":true,"href":"https:\/\/abinox-chr-clim.com\/index.php\/wp-json\/wp\/v2\/product_tag?post=70962"}],"curies":[{"name":"wp","href":"https:\/\/api.w.org\/{rel}","templated":true}]}}