{"id":70958,"date":"2024-03-22T19:38:39","date_gmt":"2024-03-22T18:38:39","guid":{"rendered":"https:\/\/abinox-chr-clim.com\/index.php\/product\/saladier-aps-balance-noir-300mm\/"},"modified":"2026-04-15T09:28:29","modified_gmt":"2026-04-15T07:28:29","slug":"saladier-aps-balance-noir-300mm","status":"publish","type":"product","link":"https:\/\/abinox-chr-clim.com\/index.php\/product\/saladier-aps-balance-noir-300mm\/","title":{"rendered":"Saladier APS Balance noir 300mm"},"content":{"rendered":"<p>Saladiers inclin\u00e9s \u00e9l\u00e9gants en m\u00e9lamine poss\u00e9dant un bord plus \u00e9pais pour l&#8217;empilement. Pieds en caoutchouc anti-d\u00e9rapants pour la stabilit\u00e9. Compatibles lave-vaisselle, r\u00e9frig\u00e9rateur et cong\u00e9lateur. Toutes les tailles peuvent \u00eatre associ\u00e9es aux supports buffet GF107 et GF108 pour une pr\u00e9sentation saisissante.<br \/>Empilable. Compatible lave-vaisselle. Empilable.<\/p>\n<p>Caract\u00e9ristiques :<br \/> Capacit\u00e9 : 5 L.<br \/> Dimensions : 300(\u00d8)x195(H)mm.<br \/> Mati\u00e8re : M\u00e9lamine.<br \/> Couleur : Noir.<\/p>\n","protected":false},"excerpt":{"rendered":"<p>Saladier APS Balance noir 300mm<\/p>\n","protected":false},"featured_media":105224,"comment_status":"closed","ping_status":"closed","template":"","meta":[],"product_brand":[],"product_cat":[1114,1297,1119,1106],"product_tag":[],"class_list":{"0":"post-70958","1":"product","2":"type-product","3":"status-publish","4":"has-post-thumbnail","6":"product_cat-buffet","7":"product_cat-non-palettisable","8":"product_cat-presentation-buffet","9":"product_cat-restaurant-bar-et-hotel","10":"product_shipping_class-free-shipping","12":"first","13":"outofstock","14":"featured","15":"taxable","16":"shipping-taxable","17":"purchasable","18":"product-type-simple"},"_links":{"self":[{"href":"https:\/\/abinox-chr-clim.com\/index.php\/wp-json\/wp\/v2\/product\/70958","targetHints":{"allow":["GET"]}}],"collection":[{"href":"https:\/\/abinox-chr-clim.com\/index.php\/wp-json\/wp\/v2\/product"}],"about":[{"href":"https:\/\/abinox-chr-clim.com\/index.php\/wp-json\/wp\/v2\/types\/product"}],"replies":[{"embeddable":true,"href":"https:\/\/abinox-chr-clim.com\/index.php\/wp-json\/wp\/v2\/comments?post=70958"}],"wp:featuredmedia":[{"embeddable":true,"href":"https:\/\/abinox-chr-clim.com\/index.php\/wp-json\/wp\/v2\/media\/105224"}],"wp:attachment":[{"href":"https:\/\/abinox-chr-clim.com\/index.php\/wp-json\/wp\/v2\/media?parent=70958"}],"wp:term":[{"taxonomy":"product_brand","embeddable":true,"href":"https:\/\/abinox-chr-clim.com\/index.php\/wp-json\/wp\/v2\/product_brand?post=70958"},{"taxonomy":"product_cat","embeddable":true,"href":"https:\/\/abinox-chr-clim.com\/index.php\/wp-json\/wp\/v2\/product_cat?post=70958"},{"taxonomy":"product_tag","embeddable":true,"href":"https:\/\/abinox-chr-clim.com\/index.php\/wp-json\/wp\/v2\/product_tag?post=70958"}],"curies":[{"name":"wp","href":"https:\/\/api.w.org\/{rel}","templated":true}]}}