{"id":70951,"date":"2024-03-22T19:38:35","date_gmt":"2024-03-22T18:38:35","guid":{"rendered":"https:\/\/abinox-chr-clim.com\/index.php\/product\/cloche-en-verre-210mm\/"},"modified":"2026-04-15T10:03:31","modified_gmt":"2026-04-15T08:03:31","slug":"cloche-en-verre-210mm","status":"publish","type":"product","link":"https:\/\/abinox-chr-clim.com\/index.php\/product\/cloche-en-verre-210mm\/","title":{"rendered":"Cloche en verre 210mm"},"content":{"rendered":"<p>Assiette \u00e0 fromage pour une pr\u00e9sentation attrayante, en porcelaine durable et r\u00e9sistante aux rayures. Couvercle en verre disponible s\u00e9par\u00e9ment pour prot\u00e9ger les aliments et les garder frais.<br \/>Construction en verre sur tout le pourtour &#8211; permet de voir le contenu sous n&rsquo;importe quel angle. La poign\u00e9e en verre sur le dessus permet un acc\u00e8s facile pour un service autonome ou assist\u00e9. Parfait pour la pr\u00e9sentation et la protection des petits g\u00e2teaux et des snacks. Convient pour fumer &#8211; utiliser le pistolet \u00e0 fumer (GJ486). Conception facile \u00e0 nettoyer. Diam\u00e8tre de 21 cm &#8211; convient aux assiettes plates et aux planches \u00e0 d\u00e9couper rondes.  Construction en verre sur tout le pourtour &#8211; permet de voir le contenu sous n&rsquo;importe quel angle.<\/p>\n<p>Caract\u00e9ristiques :<br \/> Dimensions : 170(H) x 210(\u00d8) mm.<br \/> Mati\u00e8re : Verre.<br \/> Couleur : Transparent.<\/p>\n","protected":false},"excerpt":{"rendered":"<p>Cloche en verre 210mm<\/p>\n","protected":false},"featured_media":101913,"comment_status":"closed","ping_status":"closed","template":"","meta":[],"product_brand":[],"product_cat":[1114,1297,1119,1106],"product_tag":[],"class_list":{"0":"post-70951","1":"product","2":"type-product","3":"status-publish","4":"has-post-thumbnail","6":"product_cat-buffet","7":"product_cat-non-palettisable","8":"product_cat-presentation-buffet","9":"product_cat-restaurant-bar-et-hotel","10":"product_shipping_class-free-shipping","12":"first","13":"instock","14":"featured","15":"taxable","16":"shipping-taxable","17":"purchasable","18":"product-type-simple"},"_links":{"self":[{"href":"https:\/\/abinox-chr-clim.com\/index.php\/wp-json\/wp\/v2\/product\/70951","targetHints":{"allow":["GET"]}}],"collection":[{"href":"https:\/\/abinox-chr-clim.com\/index.php\/wp-json\/wp\/v2\/product"}],"about":[{"href":"https:\/\/abinox-chr-clim.com\/index.php\/wp-json\/wp\/v2\/types\/product"}],"replies":[{"embeddable":true,"href":"https:\/\/abinox-chr-clim.com\/index.php\/wp-json\/wp\/v2\/comments?post=70951"}],"wp:featuredmedia":[{"embeddable":true,"href":"https:\/\/abinox-chr-clim.com\/index.php\/wp-json\/wp\/v2\/media\/101913"}],"wp:attachment":[{"href":"https:\/\/abinox-chr-clim.com\/index.php\/wp-json\/wp\/v2\/media?parent=70951"}],"wp:term":[{"taxonomy":"product_brand","embeddable":true,"href":"https:\/\/abinox-chr-clim.com\/index.php\/wp-json\/wp\/v2\/product_brand?post=70951"},{"taxonomy":"product_cat","embeddable":true,"href":"https:\/\/abinox-chr-clim.com\/index.php\/wp-json\/wp\/v2\/product_cat?post=70951"},{"taxonomy":"product_tag","embeddable":true,"href":"https:\/\/abinox-chr-clim.com\/index.php\/wp-json\/wp\/v2\/product_tag?post=70951"}],"curies":[{"name":"wp","href":"https:\/\/api.w.org\/{rel}","templated":true}]}}