{"id":70942,"date":"2024-03-22T19:38:31","date_gmt":"2024-03-22T18:38:31","guid":{"rendered":"https:\/\/abinox-chr-clim.com\/index.php\/product\/assiette-de-service-en-melamine-aps-pure\/"},"modified":"2026-04-15T08:59:36","modified_gmt":"2026-04-15T06:59:36","slug":"assiette-de-service-en-melamine-aps-pure","status":"publish","type":"product","link":"https:\/\/abinox-chr-clim.com\/index.php\/product\/assiette-de-service-en-melamine-aps-pure\/","title":{"rendered":"Assiette de service en m\u00e9lamine APS Pure"},"content":{"rendered":"<p>Assiette en m\u00e9lamine id\u00e9ale pour servir fromages, g\u00e2teaux et viande froide. Prot\u00e9gez vos aliments gr\u00e2ce au couvercle (vendu s\u00e9par\u00e9ment).<\/p>\n<p>Caract\u00e9ristiques :<br \/> Dimensions : 20(H) x 380(\u00d8) mm.<br \/> Mati\u00e8re : M\u00e9lamine.<br \/> Couleur : Blanc.<\/p>\n","protected":false},"excerpt":{"rendered":"<p>Assiette de service en m\u00e9lamine APS Pure<\/p>\n","protected":false},"featured_media":102742,"comment_status":"closed","ping_status":"closed","template":"","meta":[],"product_brand":[],"product_cat":[1114,1297,1119,1106],"product_tag":[],"class_list":{"0":"post-70942","1":"product","2":"type-product","3":"status-publish","4":"has-post-thumbnail","6":"product_cat-buffet","7":"product_cat-non-palettisable","8":"product_cat-presentation-buffet","9":"product_cat-restaurant-bar-et-hotel","10":"product_shipping_class-free-shipping","12":"first","13":"outofstock","14":"featured","15":"taxable","16":"shipping-taxable","17":"purchasable","18":"product-type-simple"},"_links":{"self":[{"href":"https:\/\/abinox-chr-clim.com\/index.php\/wp-json\/wp\/v2\/product\/70942","targetHints":{"allow":["GET"]}}],"collection":[{"href":"https:\/\/abinox-chr-clim.com\/index.php\/wp-json\/wp\/v2\/product"}],"about":[{"href":"https:\/\/abinox-chr-clim.com\/index.php\/wp-json\/wp\/v2\/types\/product"}],"replies":[{"embeddable":true,"href":"https:\/\/abinox-chr-clim.com\/index.php\/wp-json\/wp\/v2\/comments?post=70942"}],"wp:featuredmedia":[{"embeddable":true,"href":"https:\/\/abinox-chr-clim.com\/index.php\/wp-json\/wp\/v2\/media\/102742"}],"wp:attachment":[{"href":"https:\/\/abinox-chr-clim.com\/index.php\/wp-json\/wp\/v2\/media?parent=70942"}],"wp:term":[{"taxonomy":"product_brand","embeddable":true,"href":"https:\/\/abinox-chr-clim.com\/index.php\/wp-json\/wp\/v2\/product_brand?post=70942"},{"taxonomy":"product_cat","embeddable":true,"href":"https:\/\/abinox-chr-clim.com\/index.php\/wp-json\/wp\/v2\/product_cat?post=70942"},{"taxonomy":"product_tag","embeddable":true,"href":"https:\/\/abinox-chr-clim.com\/index.php\/wp-json\/wp\/v2\/product_tag?post=70942"}],"curies":[{"name":"wp","href":"https:\/\/api.w.org\/{rel}","templated":true}]}}