{"id":70932,"date":"2024-03-22T19:38:28","date_gmt":"2024-03-22T18:38:28","guid":{"rendered":"https:\/\/abinox-chr-clim.com\/index.php\/product\/bol-carre-en-melamine-aps-pure-blanc-90mm\/"},"modified":"2025-11-11T07:52:01","modified_gmt":"2025-11-11T06:52:01","slug":"bol-carre-en-melamine-aps-pure-blanc-90mm","status":"publish","type":"product","link":"https:\/\/abinox-chr-clim.com\/index.php\/product\/bol-carre-en-melamine-aps-pure-blanc-90mm\/","title":{"rendered":"Bol carr\u00e9 en m\u00e9lamine APS Pure blanc 90mm"},"content":{"rendered":"<p>Caract\u00e9ristiques :<br \/> Capacit\u00e9 : 140 ml.<br \/> Dimensions : 40(H) x 90(l) x 90(P) mm.<br \/> Mati\u00e8re : M\u00e9lamine<\/p>\n","protected":false},"excerpt":{"rendered":"<p>Bol carr\u00e9 en m\u00e9lamine APS Pure blanc 90mm<\/p>\n","protected":false},"featured_media":103379,"comment_status":"closed","ping_status":"closed","template":"","meta":[],"product_brand":[],"product_cat":[1114,1297,1119,1106],"product_tag":[],"class_list":{"0":"post-70932","1":"product","2":"type-product","3":"status-publish","4":"has-post-thumbnail","6":"product_cat-buffet","7":"product_cat-non-palettisable","8":"product_cat-presentation-buffet","9":"product_cat-restaurant-bar-et-hotel","10":"product_shipping_class-free-shipping","12":"first","13":"outofstock","14":"featured","15":"taxable","16":"shipping-taxable","17":"purchasable","18":"product-type-simple"},"_links":{"self":[{"href":"https:\/\/abinox-chr-clim.com\/index.php\/wp-json\/wp\/v2\/product\/70932","targetHints":{"allow":["GET"]}}],"collection":[{"href":"https:\/\/abinox-chr-clim.com\/index.php\/wp-json\/wp\/v2\/product"}],"about":[{"href":"https:\/\/abinox-chr-clim.com\/index.php\/wp-json\/wp\/v2\/types\/product"}],"replies":[{"embeddable":true,"href":"https:\/\/abinox-chr-clim.com\/index.php\/wp-json\/wp\/v2\/comments?post=70932"}],"wp:featuredmedia":[{"embeddable":true,"href":"https:\/\/abinox-chr-clim.com\/index.php\/wp-json\/wp\/v2\/media\/103379"}],"wp:attachment":[{"href":"https:\/\/abinox-chr-clim.com\/index.php\/wp-json\/wp\/v2\/media?parent=70932"}],"wp:term":[{"taxonomy":"product_brand","embeddable":true,"href":"https:\/\/abinox-chr-clim.com\/index.php\/wp-json\/wp\/v2\/product_brand?post=70932"},{"taxonomy":"product_cat","embeddable":true,"href":"https:\/\/abinox-chr-clim.com\/index.php\/wp-json\/wp\/v2\/product_cat?post=70932"},{"taxonomy":"product_tag","embeddable":true,"href":"https:\/\/abinox-chr-clim.com\/index.php\/wp-json\/wp\/v2\/product_tag?post=70932"}],"curies":[{"name":"wp","href":"https:\/\/api.w.org\/{rel}","templated":true}]}}